{"id":92274,"date":"2017-07-02T01:29:09","date_gmt":"2017-07-02T01:29:09","guid":{"rendered":"http:\/\/www.ceramictiles.com\/srbija\/product\/vives-caronte-blanco\/"},"modified":"2026-01-02T00:03:24","modified_gmt":"2026-01-02T00:03:24","slug":"vives-caronte-blanco","status":"publish","type":"product","link":"https:\/\/www.keramika.com\/srbija\/vives-caronte-blanco\/","title":{"rendered":"Vives Caronte Blanco"},"content":{"rendered":"<p>Vives Caronte Blanco dolazi iz \u0160panije, koja je poznata po vrlo visokoj kvaliteta keramike u svetu. Izuzetno moderne plo\u010dice bele boje, osve\u017eit \u0107e svaki prostor. Debljina 10 mm \u010dini plo\u010dicu vrlo izdr\u017eljivom i prijatnom na dodir. Veli\u010dina ove plo\u010dice je 30&#215;60 cm. 8841,2 RSD je redovna prodajna cena keramike, tu pa samo 7072,5 RSD.<\/p>\n<p>Kliknite na ime serije za sve plo\u010dice u toj seriji: <a class=\"pdfcatal\" href=\"\/\/www.ceramictiles.com\/pdf\/vives\/catalogue_vives_caronte.pdf\" onclick=\"recordOutboundLink(this, 'E-mail', 'Description PDF');return false;\">Ceramica Vives Caronte<\/a><\/p>\n<p>Da bi naru\u010dili model iz PDF kataloga ove serije, molimo vas, da nas kontaktirate na: <a href=\"mailto:zo_mi@ceramictiles.com\" onclick=\"recordOutboundLink(this, 'E-mail', 'Description mail');return false;\">zo_mi@ceramictiles.com<\/a> ili nas pozovite na: For exact offer, PLS send us quantity and product you need with delivery address..<\/p>\n","protected":false},"excerpt":{"rendered":"<p>Vives Caronte Blanco dolazi iz \u0160panije, koja je poznata po vrlo visokoj kvaliteta keramike u svetu. Izuzetno moderne plo\u010dice bele boje, osve\u017eit \u0107e svaki prostor. Debljina 10 mm \u010dini plo\u010dicu vrlo izdr\u017eljivom i prijatnom na dodir. Veli\u010dina ove plo\u010dice je 30&#215;60 cm. 8841,2 RSD je redovna prodajna cena keramike, tu pa samo 7072,5 RSD. Kliknite [&hellip;]<\/p>\n","protected":false},"featured_media":92275,"template":"","meta":[],"product_cat":[200,240,260,999,290,999136],"product_tag":[],"_links":{"self":[{"href":"https:\/\/www.keramika.com\/srbija\/wp-json\/wp\/v2\/product\/92274"}],"collection":[{"href":"https:\/\/www.keramika.com\/srbija\/wp-json\/wp\/v2\/product"}],"about":[{"href":"https:\/\/www.keramika.com\/srbija\/wp-json\/wp\/v2\/types\/product"}],"wp:featuredmedia":[{"embeddable":true,"href":"https:\/\/www.keramika.com\/srbija\/wp-json\/wp\/v2\/media\/92275"}],"wp:attachment":[{"href":"https:\/\/www.keramika.com\/srbija\/wp-json\/wp\/v2\/media?parent=92274"}],"wp:term":[{"taxonomy":"product_cat","embeddable":true,"href":"https:\/\/www.keramika.com\/srbija\/wp-json\/wp\/v2\/product_cat?post=92274"},{"taxonomy":"product_tag","embeddable":true,"href":"https:\/\/www.keramika.com\/srbija\/wp-json\/wp\/v2\/product_tag?post=92274"}],"curies":[{"name":"wp","href":"https:\/\/api.w.org\/{rel}","templated":true}]}}