{"id":92262,"date":"2017-07-02T01:27:12","date_gmt":"2017-07-02T01:27:12","guid":{"rendered":"http:\/\/www.ceramictiles.com\/srbija\/product\/vives-boreal-plata\/"},"modified":"2026-01-02T00:03:22","modified_gmt":"2026-01-02T00:03:22","slug":"vives-boreal-plata","status":"publish","type":"product","link":"https:\/\/www.keramika.com\/srbija\/vives-boreal-plata\/","title":{"rendered":"Vives Boreal Plata"},"content":{"rendered":"<p>Proizvodnja \u0160panije ,koja je poznata u svetu, kao jedana od najboljih proizvo\u0111a\u010da kerami\u010dkih plo\u010dica. Plo\u010dica 40&#215;40 cm je dobra za ve\u0107 razli\u010ditih namena. Ove srebrne kerami\u010dke plo\u010dice, obogatit \u0107e svaki prostor. Ova plo\u010dica je debela 10 mm i zato je izuzetno izdr\u017eljiva. Online cena je samo 9487,5 RSD, dok redovna, maloprodajna cena 11858,8 RSD.<\/p>\n<p>Kliknite na ime serije za sve plo\u010dice u toj seriji: <a class=\"pdfcatal\" href=\"\/\/www.ceramictiles.com\/pdf\/vives\/catalogue_vives_boreal.pdf\" onclick=\"recordOutboundLink(this, 'E-mail', 'Description PDF');return false;\">Ceramica Vives Boreal<\/a><\/p>\n<p>Da bi naru\u010dili model iz PDF kataloga ove serije, molimo vas, da nas kontaktirate na: <a href=\"mailto:zo_mi@ceramictiles.com\" onclick=\"recordOutboundLink(this, 'E-mail', 'Description mail');return false;\">zo_mi@ceramictiles.com<\/a> ili nas pozovite na: For exact offer, PLS send us quantity and product you need with delivery address..<\/p>\n","protected":false},"excerpt":{"rendered":"<p>Proizvodnja \u0160panije ,koja je poznata u svetu, kao jedana od najboljih proizvo\u0111a\u010da kerami\u010dkih plo\u010dica. Plo\u010dica 40&#215;40 cm je dobra za ve\u0107 razli\u010ditih namena. Ove srebrne kerami\u010dke plo\u010dice, obogatit \u0107e svaki prostor. Ova plo\u010dica je debela 10 mm i zato je izuzetno izdr\u017eljiva. Online cena je samo 9487,5 RSD, dok redovna, maloprodajna cena 11858,8 RSD. Kliknite [&hellip;]<\/p>\n","protected":false},"featured_media":92263,"template":"","meta":[],"product_cat":[200,240,260,999,999136],"product_tag":[],"_links":{"self":[{"href":"https:\/\/www.keramika.com\/srbija\/wp-json\/wp\/v2\/product\/92262"}],"collection":[{"href":"https:\/\/www.keramika.com\/srbija\/wp-json\/wp\/v2\/product"}],"about":[{"href":"https:\/\/www.keramika.com\/srbija\/wp-json\/wp\/v2\/types\/product"}],"wp:featuredmedia":[{"embeddable":true,"href":"https:\/\/www.keramika.com\/srbija\/wp-json\/wp\/v2\/media\/92263"}],"wp:attachment":[{"href":"https:\/\/www.keramika.com\/srbija\/wp-json\/wp\/v2\/media?parent=92262"}],"wp:term":[{"taxonomy":"product_cat","embeddable":true,"href":"https:\/\/www.keramika.com\/srbija\/wp-json\/wp\/v2\/product_cat?post=92262"},{"taxonomy":"product_tag","embeddable":true,"href":"https:\/\/www.keramika.com\/srbija\/wp-json\/wp\/v2\/product_tag?post=92262"}],"curies":[{"name":"wp","href":"https:\/\/api.w.org\/{rel}","templated":true}]}}