{"id":92256,"date":"2017-07-02T01:26:23","date_gmt":"2017-07-02T01:26:23","guid":{"rendered":"http:\/\/www.ceramictiles.com\/srbija\/product\/vives-bexley-humo\/"},"modified":"2026-01-02T00:03:21","modified_gmt":"2026-01-02T00:03:21","slug":"vives-bexley-humo","status":"publish","type":"product","link":"https:\/\/www.keramika.com\/srbija\/vives-bexley-humo\/","title":{"rendered":"Vives Bexley Humo"},"content":{"rendered":"<p>8 mm debljine je dovoljno za zahtevnije kupce. Plo\u010dice bele boje, su letos izuzetno tre\u017eene. Vives Bexley Humo dolazi iz \u0160panije, koja je poznata po vrlo visokoj kvaliteta keramike u svetu. Umesto 3845,6 RSD \u0161to je redovna maloprodajna cena keramike, u na\u0161oj online prodavnici, je mo\u017eete dobiti za samo 3076,25 RSD. \u0160irina i du\u017eina plo\u010dice su 20&#215;20 cm.<\/p>\n<p>Kliknite na ime serije za sve plo\u010dice u toj seriji: <a class=\"pdfcatal\" href=\"\/\/www.ceramictiles.com\/pdf\/vives\/catalogue_vives_bexley.pdf\" onclick=\"recordOutboundLink(this, 'E-mail', 'Description PDF');return false;\">Ceramica Vives Bexley<\/a><\/p>\n<p>Da bi naru\u010dili model iz PDF kataloga ove serije, molimo vas, da nas kontaktirate na: <a href=\"mailto:zo_mi@ceramictiles.com\" onclick=\"recordOutboundLink(this, 'E-mail', 'Description mail');return false;\">zo_mi@ceramictiles.com<\/a> ili nas pozovite na: For exact offer, PLS send us quantity and product you need with delivery address..<\/p>\n","protected":false},"excerpt":{"rendered":"<p>8 mm debljine je dovoljno za zahtevnije kupce. Plo\u010dice bele boje, su letos izuzetno tre\u017eene. Vives Bexley Humo dolazi iz \u0160panije, koja je poznata po vrlo visokoj kvaliteta keramike u svetu. Umesto 3845,6 RSD \u0161to je redovna maloprodajna cena keramike, u na\u0161oj online prodavnici, je mo\u017eete dobiti za samo 3076,25 RSD. \u0160irina i du\u017eina plo\u010dice [&hellip;]<\/p>\n","protected":false},"featured_media":92257,"template":"","meta":[],"product_cat":[200,240,999,999136],"product_tag":[],"_links":{"self":[{"href":"https:\/\/www.keramika.com\/srbija\/wp-json\/wp\/v2\/product\/92256"}],"collection":[{"href":"https:\/\/www.keramika.com\/srbija\/wp-json\/wp\/v2\/product"}],"about":[{"href":"https:\/\/www.keramika.com\/srbija\/wp-json\/wp\/v2\/types\/product"}],"wp:featuredmedia":[{"embeddable":true,"href":"https:\/\/www.keramika.com\/srbija\/wp-json\/wp\/v2\/media\/92257"}],"wp:attachment":[{"href":"https:\/\/www.keramika.com\/srbija\/wp-json\/wp\/v2\/media?parent=92256"}],"wp:term":[{"taxonomy":"product_cat","embeddable":true,"href":"https:\/\/www.keramika.com\/srbija\/wp-json\/wp\/v2\/product_cat?post=92256"},{"taxonomy":"product_tag","embeddable":true,"href":"https:\/\/www.keramika.com\/srbija\/wp-json\/wp\/v2\/product_tag?post=92256"}],"curies":[{"name":"wp","href":"https:\/\/api.w.org\/{rel}","templated":true}]}}