{"id":92244,"date":"2017-07-02T01:24:35","date_gmt":"2017-07-02T01:24:35","guid":{"rendered":"http:\/\/www.ceramictiles.com\/srbija\/product\/vives-atelier-caoba\/"},"modified":"2026-01-02T00:03:20","modified_gmt":"2026-01-02T00:03:20","slug":"vives-atelier-caoba","status":"publish","type":"product","link":"https:\/\/www.keramika.com\/srbija\/vives-atelier-caoba\/","title":{"rendered":"Vives Atelier Caoba"},"content":{"rendered":"<p>Ova plo\u010dica je debela 9 mm i zato je izuzetno izdr\u017eljiva. Veli\u010dina ove plo\u010dice je 31,6&#215;31,6 cm. U izboru plo\u010dica crne boje, ne mo\u017eete pogre\u0161iti. Vives Atelier Caoba je proizvod iz \u0160panije te je izuzetno kvalitetna. Online cena je samo 3478,75 RSD, dok redovna, maloprodajna cena 4348,15 RSD.<\/p>\n<p>Kliknite na ime serije za sve plo\u010dice u toj seriji: <a class=\"pdfcatal\" href=\"\/\/www.ceramictiles.com\/pdf\/vives\/catalogue_vives_atelier.pdf\" onclick=\"recordOutboundLink(this, 'E-mail', 'Description PDF');return false;\">Ceramica Vives Atelier<\/a><\/p>\n<p>Da bi naru\u010dili model iz PDF kataloga ove serije, molimo vas, da nas kontaktirate na: <a href=\"mailto:zo_mi@ceramictiles.com\" onclick=\"recordOutboundLink(this, 'E-mail', 'Description mail');return false;\">zo_mi@ceramictiles.com<\/a> ili nas pozovite na: For exact offer, PLS send us quantity and product you need with delivery address..<\/p>\n","protected":false},"excerpt":{"rendered":"<p>Ova plo\u010dica je debela 9 mm i zato je izuzetno izdr\u017eljiva. Veli\u010dina ove plo\u010dice je 31,6&#215;31,6 cm. U izboru plo\u010dica crne boje, ne mo\u017eete pogre\u0161iti. Vives Atelier Caoba je proizvod iz \u0160panije te je izuzetno kvalitetna. Online cena je samo 3478,75 RSD, dok redovna, maloprodajna cena 4348,15 RSD. Kliknite na ime serije za sve plo\u010dice [&hellip;]<\/p>\n","protected":false},"featured_media":92245,"template":"","meta":[],"product_cat":[200,240,999,999136,250],"product_tag":[],"_links":{"self":[{"href":"https:\/\/www.keramika.com\/srbija\/wp-json\/wp\/v2\/product\/92244"}],"collection":[{"href":"https:\/\/www.keramika.com\/srbija\/wp-json\/wp\/v2\/product"}],"about":[{"href":"https:\/\/www.keramika.com\/srbija\/wp-json\/wp\/v2\/types\/product"}],"wp:featuredmedia":[{"embeddable":true,"href":"https:\/\/www.keramika.com\/srbija\/wp-json\/wp\/v2\/media\/92245"}],"wp:attachment":[{"href":"https:\/\/www.keramika.com\/srbija\/wp-json\/wp\/v2\/media?parent=92244"}],"wp:term":[{"taxonomy":"product_cat","embeddable":true,"href":"https:\/\/www.keramika.com\/srbija\/wp-json\/wp\/v2\/product_cat?post=92244"},{"taxonomy":"product_tag","embeddable":true,"href":"https:\/\/www.keramika.com\/srbija\/wp-json\/wp\/v2\/product_tag?post=92244"}],"curies":[{"name":"wp","href":"https:\/\/api.w.org\/{rel}","templated":true}]}}