{"id":92242,"date":"2017-07-02T01:24:16","date_gmt":"2017-07-02T01:24:16","guid":{"rendered":"http:\/\/www.ceramictiles.com\/srbija\/product\/vives-atalaya-crema\/"},"modified":"2026-01-02T00:03:20","modified_gmt":"2026-01-02T00:03:20","slug":"vives-atalaya-crema","status":"publish","type":"product","link":"https:\/\/www.keramika.com\/srbija\/vives-atalaya-crema\/","title":{"rendered":"Vives Atalaya Crema"},"content":{"rendered":"<p>Vives Atalaya Crema je proizvod iz \u0160panije te je izuzetno kvalitetna. Vives Atalaya Crema je dostupna po vrlo povoljnim cenama 10133,8 RSD. Plo\u010dica 18,1&#215;45 cm je dobra za ve\u0107 razli\u010ditih namena. Ove be\u017e kerami\u010dke plo\u010dice, obogatit \u0107e svaki prostor. Debljina 11 mm \u010dini plo\u010dicu vrlo izdr\u017eljivom i prijatnom na dodir.<\/p>\n<p>Kliknite na ime serije za sve plo\u010dice u toj seriji: <a class=\"pdfcatal\" href=\"\/\/www.ceramictiles.com\/pdf\/vives\/catalogue_vives_atalaya.pdf\" onclick=\"recordOutboundLink(this, 'E-mail', 'Description PDF');return false;\">Ceramica Vives Atalaya<\/a><\/p>\n<p>Da bi naru\u010dili model iz PDF kataloga ove serije, molimo vas, da nas kontaktirate na: <a href=\"mailto:zo_mi@ceramictiles.com\" onclick=\"recordOutboundLink(this, 'E-mail', 'Description mail');return false;\">zo_mi@ceramictiles.com<\/a> ili nas pozovite na: For exact offer, PLS send us quantity and product you need with delivery address..<\/p>\n","protected":false},"excerpt":{"rendered":"<p>Vives Atalaya Crema je proizvod iz \u0160panije te je izuzetno kvalitetna. Vives Atalaya Crema je dostupna po vrlo povoljnim cenama 10133,8 RSD. Plo\u010dica 18,1&#215;45 cm je dobra za ve\u0107 razli\u010ditih namena. Ove be\u017e kerami\u010dke plo\u010dice, obogatit \u0107e svaki prostor. Debljina 11 mm \u010dini plo\u010dicu vrlo izdr\u017eljivom i prijatnom na dodir. Kliknite na ime serije za [&hellip;]<\/p>\n","protected":false},"featured_media":92243,"template":"","meta":[],"product_cat":[200,280,240,999,999136,250],"product_tag":[],"_links":{"self":[{"href":"https:\/\/www.keramika.com\/srbija\/wp-json\/wp\/v2\/product\/92242"}],"collection":[{"href":"https:\/\/www.keramika.com\/srbija\/wp-json\/wp\/v2\/product"}],"about":[{"href":"https:\/\/www.keramika.com\/srbija\/wp-json\/wp\/v2\/types\/product"}],"wp:featuredmedia":[{"embeddable":true,"href":"https:\/\/www.keramika.com\/srbija\/wp-json\/wp\/v2\/media\/92243"}],"wp:attachment":[{"href":"https:\/\/www.keramika.com\/srbija\/wp-json\/wp\/v2\/media?parent=92242"}],"wp:term":[{"taxonomy":"product_cat","embeddable":true,"href":"https:\/\/www.keramika.com\/srbija\/wp-json\/wp\/v2\/product_cat?post=92242"},{"taxonomy":"product_tag","embeddable":true,"href":"https:\/\/www.keramika.com\/srbija\/wp-json\/wp\/v2\/product_tag?post=92242"}],"curies":[{"name":"wp","href":"https:\/\/api.w.org\/{rel}","templated":true}]}}