{"id":92238,"date":"2017-07-02T01:23:37","date_gmt":"2017-07-02T01:23:37","guid":{"rendered":"http:\/\/www.ceramictiles.com\/srbija\/product\/vives-arquinia-musgo\/"},"modified":"2026-01-02T00:03:19","modified_gmt":"2026-01-02T00:03:19","slug":"vives-arquinia-musgo","status":"publish","type":"product","link":"https:\/\/www.keramika.com\/srbija\/vives-arquinia-musgo\/","title":{"rendered":"Vives Arquinia Musgo"},"content":{"rendered":"<p>plo\u010dica proizvo\u0111a\u010da Ceramica Vives iz \u0160panije. Debljina plo\u010dice, je vrlo va\u017ena 10 mm i ubraja tu plo\u010dicu me\u0111u najkvalitetnije. Vives Arquinia Musgo je dostupna po vrlo povoljnim cenama 4241,2 RSD. Dimenzije ovih plo\u010dica su 30&#215;60 cm. U izboru plo\u010dica crne boje, ne mo\u017eete pogre\u0161iti.<\/p>\n<p>Kliknite na ime serije za sve plo\u010dice u toj seriji: <a class=\"pdfcatal\" href=\"\/\/www.ceramictiles.com\/pdf\/vives\/catalogue_vives_arquinia.pdf\" onclick=\"recordOutboundLink(this, 'E-mail', 'Description PDF');return false;\">Ceramica Vives Arquinia<\/a><\/p>\n<p>Da bi naru\u010dili model iz PDF kataloga ove serije, molimo vas, da nas kontaktirate na: <a href=\"mailto:zo_mi@ceramictiles.com\" onclick=\"recordOutboundLink(this, 'E-mail', 'Description mail');return false;\">zo_mi@ceramictiles.com<\/a> ili nas pozovite na: For exact offer, PLS send us quantity and product you need with delivery address..<\/p>\n","protected":false},"excerpt":{"rendered":"<p>plo\u010dica proizvo\u0111a\u010da Ceramica Vives iz \u0160panije. Debljina plo\u010dice, je vrlo va\u017ena 10 mm i ubraja tu plo\u010dicu me\u0111u najkvalitetnije. Vives Arquinia Musgo je dostupna po vrlo povoljnim cenama 4241,2 RSD. Dimenzije ovih plo\u010dica su 30&#215;60 cm. U izboru plo\u010dica crne boje, ne mo\u017eete pogre\u0161iti. Kliknite na ime serije za sve plo\u010dice u toj seriji: Ceramica [&hellip;]<\/p>\n","protected":false},"featured_media":92239,"template":"","meta":[],"product_cat":[200,240,260,999,290,999136],"product_tag":[],"_links":{"self":[{"href":"https:\/\/www.keramika.com\/srbija\/wp-json\/wp\/v2\/product\/92238"}],"collection":[{"href":"https:\/\/www.keramika.com\/srbija\/wp-json\/wp\/v2\/product"}],"about":[{"href":"https:\/\/www.keramika.com\/srbija\/wp-json\/wp\/v2\/types\/product"}],"wp:featuredmedia":[{"embeddable":true,"href":"https:\/\/www.keramika.com\/srbija\/wp-json\/wp\/v2\/media\/92239"}],"wp:attachment":[{"href":"https:\/\/www.keramika.com\/srbija\/wp-json\/wp\/v2\/media?parent=92238"}],"wp:term":[{"taxonomy":"product_cat","embeddable":true,"href":"https:\/\/www.keramika.com\/srbija\/wp-json\/wp\/v2\/product_cat?post=92238"},{"taxonomy":"product_tag","embeddable":true,"href":"https:\/\/www.keramika.com\/srbija\/wp-json\/wp\/v2\/product_tag?post=92238"}],"curies":[{"name":"wp","href":"https:\/\/api.w.org\/{rel}","templated":true}]}}