{"id":92236,"date":"2018-01-20T01:23:19","date_gmt":"2018-01-20T01:23:19","guid":{"rendered":"http:\/\/www.ceramictiles.com\/srbija\/product\/vives-arhus-negro\/"},"modified":"2026-01-02T00:03:19","modified_gmt":"2026-01-02T00:03:19","slug":"vives-arhus-negro","status":"publish","type":"product","link":"https:\/\/www.keramika.com\/srbija\/vives-arhus-negro\/","title":{"rendered":"Vives Arhus Negro"},"content":{"rendered":"<p>12 mm debljine je dovoljno za zahtevnije kupce. Plo\u010dica na sliki je 45&#215;90 cm. Proizvodnja \u0160panije ,koja je poznata u svetu, kao jedana od najboljih proizvo\u0111a\u010da kerami\u010dkih plo\u010dica. Redovna cena, ovih plo\u010dica u maloprodaji je 11122,8 RSD. U na\u0161oj online trgovini, je mo\u017eete kupiti za 8898,7 RSD. Ta kolekcija, model plo\u010dice, se prodaje najvi\u0161e crne boje.<\/p>\n<p>Kliknite na ime serije za sve plo\u010dice u toj seriji: <a class=\"pdfcatal\" href=\"\/\/www.ceramictiles.com\/pdf\/vives\/catalogue_vives_arhus.pdf\">Ceramica Vives Arhus<\/a><\/p>\n","protected":false},"excerpt":{"rendered":"<p>Plo\u010dice u izgledu drveta debljine od 10 mm.<br \/>\nVeli\u010dina: 14,4&#215;89,3 cm; 21,8&#215;89,3 cm i 44,3&#215;89,3 cm<\/p>\n","protected":false},"featured_media":92237,"template":"","meta":[],"product_cat":[200,240,260,999,999136,250],"product_tag":[99950100,99950095,99950098,99950099,99950091],"_links":{"self":[{"href":"https:\/\/www.keramika.com\/srbija\/wp-json\/wp\/v2\/product\/92236"}],"collection":[{"href":"https:\/\/www.keramika.com\/srbija\/wp-json\/wp\/v2\/product"}],"about":[{"href":"https:\/\/www.keramika.com\/srbija\/wp-json\/wp\/v2\/types\/product"}],"wp:featuredmedia":[{"embeddable":true,"href":"https:\/\/www.keramika.com\/srbija\/wp-json\/wp\/v2\/media\/92237"}],"wp:attachment":[{"href":"https:\/\/www.keramika.com\/srbija\/wp-json\/wp\/v2\/media?parent=92236"}],"wp:term":[{"taxonomy":"product_cat","embeddable":true,"href":"https:\/\/www.keramika.com\/srbija\/wp-json\/wp\/v2\/product_cat?post=92236"},{"taxonomy":"product_tag","embeddable":true,"href":"https:\/\/www.keramika.com\/srbija\/wp-json\/wp\/v2\/product_tag?post=92236"}],"curies":[{"name":"wp","href":"https:\/\/api.w.org\/{rel}","templated":true}]}}