{"id":92234,"date":"2017-07-02T01:23:05","date_gmt":"2017-07-02T01:23:05","guid":{"rendered":"http:\/\/www.ceramictiles.com\/srbija\/product\/vives-ardesia-grafito\/"},"modified":"2026-01-02T00:03:19","modified_gmt":"2026-01-02T00:03:19","slug":"vives-ardesia-grafito","status":"publish","type":"product","link":"https:\/\/www.keramika.com\/srbija\/vives-ardesia-grafito\/","title":{"rendered":"Vives Ardesia Grafito"},"content":{"rendered":"<p>Plo\u010dica je debela 10 mm, \u0161to je ubraja u tvrde plo\u010dice. 3845,6 RSD je redovna prodajna cena keramike, tu pa samo 3076,25 RSD. Izuzetno moderne plo\u010dice crne boje, osve\u017eit \u0107e svaki prostor. Ove plo\u010dice dolaze od proizvo\u0111a\u010da Ceramica Vives, iz \u0160panije. Plo\u010dica 41&#215;41 cm je dobra za ve\u0107 razli\u010ditih namena.<\/p>\n<p>Kliknite na ime serije za sve plo\u010dice u toj seriji: <a class=\"pdfcatal\" href=\"\/\/www.ceramictiles.com\/pdf\/vives\/catalogue_vives_ardesia.pdf\" onclick=\"recordOutboundLink(this, 'E-mail', 'Description PDF');return false;\">Ceramica Vives Ardesia<\/a><\/p>\n<p>Da bi naru\u010dili model iz PDF kataloga ove serije, molimo vas, da nas kontaktirate na: <a href=\"mailto:zo_mi@ceramictiles.com\" onclick=\"recordOutboundLink(this, 'E-mail', 'Description mail');return false;\">zo_mi@ceramictiles.com<\/a> ili nas pozovite na: For exact offer, PLS send us quantity and product you need with delivery address..<\/p>\n","protected":false},"excerpt":{"rendered":"<p>Plo\u010dica je debela 10 mm, \u0161to je ubraja u tvrde plo\u010dice. 3845,6 RSD je redovna prodajna cena keramike, tu pa samo 3076,25 RSD. Izuzetno moderne plo\u010dice crne boje, osve\u017eit \u0107e svaki prostor. Ove plo\u010dice dolaze od proizvo\u0111a\u010da Ceramica Vives, iz \u0160panije. Plo\u010dica 41&#215;41 cm je dobra za ve\u0107 razli\u010ditih namena. Kliknite na ime serije za [&hellip;]<\/p>\n","protected":false},"featured_media":92235,"template":"","meta":[],"product_cat":[200,240,999,999136,250],"product_tag":[],"_links":{"self":[{"href":"https:\/\/www.keramika.com\/srbija\/wp-json\/wp\/v2\/product\/92234"}],"collection":[{"href":"https:\/\/www.keramika.com\/srbija\/wp-json\/wp\/v2\/product"}],"about":[{"href":"https:\/\/www.keramika.com\/srbija\/wp-json\/wp\/v2\/types\/product"}],"wp:featuredmedia":[{"embeddable":true,"href":"https:\/\/www.keramika.com\/srbija\/wp-json\/wp\/v2\/media\/92235"}],"wp:attachment":[{"href":"https:\/\/www.keramika.com\/srbija\/wp-json\/wp\/v2\/media?parent=92234"}],"wp:term":[{"taxonomy":"product_cat","embeddable":true,"href":"https:\/\/www.keramika.com\/srbija\/wp-json\/wp\/v2\/product_cat?post=92234"},{"taxonomy":"product_tag","embeddable":true,"href":"https:\/\/www.keramika.com\/srbija\/wp-json\/wp\/v2\/product_tag?post=92234"}],"curies":[{"name":"wp","href":"https:\/\/api.w.org\/{rel}","templated":true}]}}