{"id":92226,"date":"2017-07-02T01:21:43","date_gmt":"2017-07-02T01:21:43","guid":{"rendered":"http:\/\/www.ceramictiles.com\/srbija\/product\/vives-anfora-beige\/"},"modified":"2026-01-02T00:03:18","modified_gmt":"2026-01-02T00:03:18","slug":"vives-anfora-beige","status":"publish","type":"product","link":"https:\/\/www.keramika.com\/srbija\/vives-anfora-beige\/","title":{"rendered":"Vives Anfora Beige"},"content":{"rendered":"<p>3558,1 RSD je redovna prodajna cena keramike, tu pa samo 2846,25 RSD. Dimenzije ovih plo\u010dica su 25&#215;25 cm. Vives Anfora Beige je proizvod iz \u0160panije te je izuzetno kvalitetna. 13 mm debljina \u0107e zadovoljiti i najzahtevnije kupce. Ta kolekcija, model plo\u010dice, se prodaje najvi\u0161e be\u017e boje.<\/p>\n<p>Kliknite na ime serije za sve plo\u010dice u toj seriji: <a class=\"pdfcatal\" href=\"\/\/www.ceramictiles.com\/pdf\/vives\/catalogue_vives_anfora.pdf\" onclick=\"recordOutboundLink(this, 'E-mail', 'Description PDF');return false;\">Ceramica Vives Anfora<\/a><\/p>\n<p>Da bi naru\u010dili model iz PDF kataloga ove serije, molimo vas, da nas kontaktirate na: <a href=\"mailto:zo_mi@ceramictiles.com\" onclick=\"recordOutboundLink(this, 'E-mail', 'Description mail');return false;\">zo_mi@ceramictiles.com<\/a> ili nas pozovite na: For exact offer, PLS send us quantity and product you need with delivery address..<\/p>\n","protected":false},"excerpt":{"rendered":"<p>3558,1 RSD je redovna prodajna cena keramike, tu pa samo 2846,25 RSD. Dimenzije ovih plo\u010dica su 25&#215;25 cm. Vives Anfora Beige je proizvod iz \u0160panije te je izuzetno kvalitetna. 13 mm debljina \u0107e zadovoljiti i najzahtevnije kupce. Ta kolekcija, model plo\u010dice, se prodaje najvi\u0161e be\u017e boje. Kliknite na ime serije za sve plo\u010dice u toj [&hellip;]<\/p>\n","protected":false},"featured_media":92227,"template":"","meta":[],"product_cat":[200,230,240,999,999136],"product_tag":[],"_links":{"self":[{"href":"https:\/\/www.keramika.com\/srbija\/wp-json\/wp\/v2\/product\/92226"}],"collection":[{"href":"https:\/\/www.keramika.com\/srbija\/wp-json\/wp\/v2\/product"}],"about":[{"href":"https:\/\/www.keramika.com\/srbija\/wp-json\/wp\/v2\/types\/product"}],"wp:featuredmedia":[{"embeddable":true,"href":"https:\/\/www.keramika.com\/srbija\/wp-json\/wp\/v2\/media\/92227"}],"wp:attachment":[{"href":"https:\/\/www.keramika.com\/srbija\/wp-json\/wp\/v2\/media?parent=92226"}],"wp:term":[{"taxonomy":"product_cat","embeddable":true,"href":"https:\/\/www.keramika.com\/srbija\/wp-json\/wp\/v2\/product_cat?post=92226"},{"taxonomy":"product_tag","embeddable":true,"href":"https:\/\/www.keramika.com\/srbija\/wp-json\/wp\/v2\/product_tag?post=92226"}],"curies":[{"name":"wp","href":"https:\/\/api.w.org\/{rel}","templated":true}]}}