{"id":92222,"date":"2017-07-02T01:21:06","date_gmt":"2017-07-02T01:21:06","guid":{"rendered":"http:\/\/www.ceramictiles.com\/srbija\/product\/vives-altamira-cuero\/"},"modified":"2026-01-02T00:03:17","modified_gmt":"2026-01-02T00:03:17","slug":"vives-altamira-cuero","status":"publish","type":"product","link":"https:\/\/www.keramika.com\/srbija\/vives-altamira-cuero\/","title":{"rendered":"Vives Altamira Cuero"},"content":{"rendered":"<p>Ove be\u017e kerami\u010dke plo\u010dice, obogatit \u0107e svaki prostor. Veli\u010dina 25&#215;25 cm je odli\u010dna za sve podloge. Plo\u010dice dolaze iz \u0160panije, koja je poznata po kvalitetnoj keramiki. Umesto 3485,65 RSD \u0161to je redovna maloprodajna cena keramike, u na\u0161oj online prodavnici, je mo\u017eete dobiti za samo 2788,75 RSD. 13 mm debljine je dovoljno za zahtevnije kupce.<\/p>\n<p>Kliknite na ime serije za sve plo\u010dice u toj seriji: <a class=\"pdfcatal\" href=\"\/\/www.ceramictiles.com\/pdf\/vives\/catalogue_vives_altamira.pdf\" onclick=\"recordOutboundLink(this, 'E-mail', 'Description PDF');return false;\">Ceramica Vives Altamira<\/a><\/p>\n<p>Da bi naru\u010dili model iz PDF kataloga ove serije, molimo vas, da nas kontaktirate na: <a href=\"mailto:zo_mi@ceramictiles.com\" onclick=\"recordOutboundLink(this, 'E-mail', 'Description mail');return false;\">zo_mi@ceramictiles.com<\/a> ili nas pozovite na: For exact offer, PLS send us quantity and product you need with delivery address..<\/p>\n","protected":false},"excerpt":{"rendered":"<p>Ove be\u017e kerami\u010dke plo\u010dice, obogatit \u0107e svaki prostor. Veli\u010dina 25&#215;25 cm je odli\u010dna za sve podloge. Plo\u010dice dolaze iz \u0160panije, koja je poznata po kvalitetnoj keramiki. Umesto 3485,65 RSD \u0161to je redovna maloprodajna cena keramike, u na\u0161oj online prodavnici, je mo\u017eete dobiti za samo 2788,75 RSD. 13 mm debljine je dovoljno za zahtevnije kupce. Kliknite [&hellip;]<\/p>\n","protected":false},"featured_media":92223,"template":"","meta":[],"product_cat":[200,230,240,999,999136],"product_tag":[],"_links":{"self":[{"href":"https:\/\/www.keramika.com\/srbija\/wp-json\/wp\/v2\/product\/92222"}],"collection":[{"href":"https:\/\/www.keramika.com\/srbija\/wp-json\/wp\/v2\/product"}],"about":[{"href":"https:\/\/www.keramika.com\/srbija\/wp-json\/wp\/v2\/types\/product"}],"wp:featuredmedia":[{"embeddable":true,"href":"https:\/\/www.keramika.com\/srbija\/wp-json\/wp\/v2\/media\/92223"}],"wp:attachment":[{"href":"https:\/\/www.keramika.com\/srbija\/wp-json\/wp\/v2\/media?parent=92222"}],"wp:term":[{"taxonomy":"product_cat","embeddable":true,"href":"https:\/\/www.keramika.com\/srbija\/wp-json\/wp\/v2\/product_cat?post=92222"},{"taxonomy":"product_tag","embeddable":true,"href":"https:\/\/www.keramika.com\/srbija\/wp-json\/wp\/v2\/product_tag?post=92222"}],"curies":[{"name":"wp","href":"https:\/\/api.w.org\/{rel}","templated":true}]}}