{"id":92216,"date":"2017-07-02T01:20:06","date_gmt":"2017-07-02T01:20:06","guid":{"rendered":"http:\/\/www.ceramictiles.com\/srbija\/product\/vives-alarcon-barro\/"},"modified":"2026-01-02T00:03:16","modified_gmt":"2026-01-02T00:03:16","slug":"vives-alarcon-barro","status":"publish","type":"product","link":"https:\/\/www.keramika.com\/srbija\/vives-alarcon-barro\/","title":{"rendered":"Vives Alarcon Barro"},"content":{"rendered":"<p>Veli\u010dina ove plo\u010dice je 30&#215;30 cm. Plo\u010dica je debela 7 mm, \u0161to je ubraja u tvrde plo\u010dice. Izuzetno moderne plo\u010dice braon boje, osve\u017eit \u0107e svaki prostor. Online cena je samo 2573,7 RSD, dok redovna, maloprodajna cena 3216,55 RSD. plo\u010dica proizvo\u0111a\u010da Ceramica Vives iz \u0160panije.<\/p>\n<p>Kliknite na ime serije za sve plo\u010dice u toj seriji: <a class=\"pdfcatal\" href=\"\/\/www.ceramictiles.com\/pdf\/vives\/catalogue_vives_alarcon.pdf\" onclick=\"recordOutboundLink(this, 'E-mail', 'Description PDF');return false;\">Ceramica Vives Alarcon<\/a><\/p>\n<p>Da bi naru\u010dili model iz PDF kataloga ove serije, molimo vas, da nas kontaktirate na: <a href=\"mailto:zo_mi@ceramictiles.com\" onclick=\"recordOutboundLink(this, 'E-mail', 'Description mail');return false;\">zo_mi@ceramictiles.com<\/a> ili nas pozovite na: For exact offer, PLS send us quantity and product you need with delivery address..<\/p>\n","protected":false},"excerpt":{"rendered":"<p>Veli\u010dina ove plo\u010dice je 30&#215;30 cm. Plo\u010dica je debela 7 mm, \u0161to je ubraja u tvrde plo\u010dice. Izuzetno moderne plo\u010dice braon boje, osve\u017eit \u0107e svaki prostor. Online cena je samo 2573,7 RSD, dok redovna, maloprodajna cena 3216,55 RSD. plo\u010dica proizvo\u0111a\u010da Ceramica Vives iz \u0160panije. Kliknite na ime serije za sve plo\u010dice u toj seriji: Ceramica [&hellip;]<\/p>\n","protected":false},"featured_media":92217,"template":"","meta":[],"product_cat":[200,230,240,999,999136],"product_tag":[],"_links":{"self":[{"href":"https:\/\/www.keramika.com\/srbija\/wp-json\/wp\/v2\/product\/92216"}],"collection":[{"href":"https:\/\/www.keramika.com\/srbija\/wp-json\/wp\/v2\/product"}],"about":[{"href":"https:\/\/www.keramika.com\/srbija\/wp-json\/wp\/v2\/types\/product"}],"wp:featuredmedia":[{"embeddable":true,"href":"https:\/\/www.keramika.com\/srbija\/wp-json\/wp\/v2\/media\/92217"}],"wp:attachment":[{"href":"https:\/\/www.keramika.com\/srbija\/wp-json\/wp\/v2\/media?parent=92216"}],"wp:term":[{"taxonomy":"product_cat","embeddable":true,"href":"https:\/\/www.keramika.com\/srbija\/wp-json\/wp\/v2\/product_cat?post=92216"},{"taxonomy":"product_tag","embeddable":true,"href":"https:\/\/www.keramika.com\/srbija\/wp-json\/wp\/v2\/product_tag?post=92216"}],"curies":[{"name":"wp","href":"https:\/\/api.w.org\/{rel}","templated":true}]}}