{"id":92212,"date":"2017-07-05T01:19:24","date_gmt":"2017-07-05T01:19:24","guid":{"rendered":"http:\/\/www.ceramictiles.com\/srbija\/product\/vives-1900-basalto\/"},"modified":"2026-01-02T00:03:16","modified_gmt":"2026-01-02T00:03:16","slug":"vives-1900-basalto","status":"publish","type":"product","link":"https:\/\/www.keramika.com\/srbija\/vives-1900-basalto\/","title":{"rendered":"Vives 1900 Basalto"},"content":{"rendered":"<p>Online cena je samo 3076,25 RSD, dok redovna, maloprodajna cena 3845,6 RSD. Ova plo\u010dica je debela 8 mm i zato je izuzetno izdr\u017eljiva. Plo\u010dice bele boje, su letos izuzetno tre\u017eene. Plo\u010dica 20&#215;20 cm je dobra za ve\u0107 razli\u010ditih namena. Plo\u010dice dolaze iz \u0160panije, koja je poznata po kvalitetnoj keramiki.<\/p>\n<p>Kliknite na ime serije za sve plo\u010dice u toj seriji: <a class=\"pdfcatal\" href=\"\/\/www.ceramictiles.com\/pdf\/vives\/catalogue_vives_1900.pdf\">Ceramica Vives 1900<\/a><\/p>\n","protected":false},"excerpt":{"rendered":"<p>Online cena je samo 3076,25 RSD, dok redovna, maloprodajna cena 3845,6 RSD. Ova plo\u010dica je debela 8 mm i zato je izuzetno izdr\u017eljiva. Plo\u010dice bele boje, su letos izuzetno tre\u017eene. Plo\u010dica 20&#215;20 cm je dobra za ve\u0107 razli\u010ditih namena. Plo\u010dice dolaze iz \u0160panije, koja je poznata po kvalitetnoj keramiki. Kliknite na ime serije za sve [&hellip;]<\/p>\n","protected":false},"featured_media":92213,"template":"","meta":[],"product_cat":[200,230,240,999,999136,250],"product_tag":[99950098,99950099],"_links":{"self":[{"href":"https:\/\/www.keramika.com\/srbija\/wp-json\/wp\/v2\/product\/92212"}],"collection":[{"href":"https:\/\/www.keramika.com\/srbija\/wp-json\/wp\/v2\/product"}],"about":[{"href":"https:\/\/www.keramika.com\/srbija\/wp-json\/wp\/v2\/types\/product"}],"wp:featuredmedia":[{"embeddable":true,"href":"https:\/\/www.keramika.com\/srbija\/wp-json\/wp\/v2\/media\/92213"}],"wp:attachment":[{"href":"https:\/\/www.keramika.com\/srbija\/wp-json\/wp\/v2\/media?parent=92212"}],"wp:term":[{"taxonomy":"product_cat","embeddable":true,"href":"https:\/\/www.keramika.com\/srbija\/wp-json\/wp\/v2\/product_cat?post=92212"},{"taxonomy":"product_tag","embeddable":true,"href":"https:\/\/www.keramika.com\/srbija\/wp-json\/wp\/v2\/product_tag?post=92212"}],"curies":[{"name":"wp","href":"https:\/\/api.w.org\/{rel}","templated":true}]}}