{"id":92210,"date":"2017-07-02T01:19:04","date_gmt":"2017-07-02T01:19:04","guid":{"rendered":"http:\/\/www.ceramictiles.com\/srbija\/product\/podne-porcelanske-plocice-cinca-viana-white\/"},"modified":"2026-01-02T00:03:16","modified_gmt":"2026-01-02T00:03:16","slug":"podne-porcelanske-plocice-cinca-viana-white","status":"publish","type":"product","link":"https:\/\/www.keramika.com\/srbija\/podne-porcelanske-plocice-cinca-viana-white\/","title":{"rendered":"Podne porcelanske plo\u010dice Cinca Viana White"},"content":{"rendered":"<p>Plo\u010dice bele boje osvje\u017eit \u0107e svaki prostor. Dimenzije ovih plo\u010dica su 33&#215;33 cm. plo\u010dica proizvo\u0111a\u010da Cinca iz Portugala. Ova plo\u010dica je debela 8 mm i zato je izuzetno izdr\u017eljiva. Online cena je samo 2213,75 RSD, dok redovna, maloprodajna cena 2766,9 RSD.<\/p>\n<p>Kliknite na ime serije za sve plo\u010dice u toj seriji: <a class=\"pdfcatal\" href=\"\/\/www.ceramictiles.com\/pdf\/cinca\/catalogue_cinca_viana.pdf\" onclick=\"recordOutboundLink(this, 'E-mail', 'Description PDF');return false;\">Cinca Viana<\/a><\/p>\n<p>Da bi naru\u010dili model iz PDF kataloga ove serije, molimo vas, da nas kontaktirate na: <a href=\"mailto:zo_mi@ceramictiles.com\" onclick=\"recordOutboundLink(this, 'E-mail', 'Description mail');return false;\">zo_mi@ceramictiles.com<\/a> ili nas pozovite na: For exact offer, PLS send us quantity and product you need with delivery address..<\/p>\n<p>Technical description: <br \/> F 40&#215;40 ; 33&#215;33 <br \/>Viana Branco ; Viana Bege ; Viana Marfim ; Viana P\u00eassego ; Viana Cinza ;<\/p>\n","protected":false},"excerpt":{"rendered":"<p>Plo\u010dice bele boje osvje\u017eit \u0107e svaki prostor. Dimenzije ovih plo\u010dica su 33&#215;33 cm. plo\u010dica proizvo\u0111a\u010da Cinca iz Portugala. Ova plo\u010dica je debela 8 mm i zato je izuzetno izdr\u017eljiva. Online cena je samo 2213,75 RSD, dok redovna, maloprodajna cena 2766,9 RSD. Kliknite na ime serije za sve plo\u010dice u toj seriji: Cinca Viana Da bi [&hellip;]<\/p>\n","protected":false},"featured_media":92211,"template":"","meta":[],"product_cat":[999968,200,220,240,999],"product_tag":[],"_links":{"self":[{"href":"https:\/\/www.keramika.com\/srbija\/wp-json\/wp\/v2\/product\/92210"}],"collection":[{"href":"https:\/\/www.keramika.com\/srbija\/wp-json\/wp\/v2\/product"}],"about":[{"href":"https:\/\/www.keramika.com\/srbija\/wp-json\/wp\/v2\/types\/product"}],"wp:featuredmedia":[{"embeddable":true,"href":"https:\/\/www.keramika.com\/srbija\/wp-json\/wp\/v2\/media\/92211"}],"wp:attachment":[{"href":"https:\/\/www.keramika.com\/srbija\/wp-json\/wp\/v2\/media?parent=92210"}],"wp:term":[{"taxonomy":"product_cat","embeddable":true,"href":"https:\/\/www.keramika.com\/srbija\/wp-json\/wp\/v2\/product_cat?post=92210"},{"taxonomy":"product_tag","embeddable":true,"href":"https:\/\/www.keramika.com\/srbija\/wp-json\/wp\/v2\/product_tag?post=92210"}],"curies":[{"name":"wp","href":"https:\/\/api.w.org\/{rel}","templated":true}]}}