{"id":92200,"date":"2017-07-02T01:17:38","date_gmt":"2017-07-02T01:17:38","guid":{"rendered":"http:\/\/www.ceramictiles.com\/srbija\/product\/podne-i-zidne-plocice-cinca-soneto-dark-grey\/"},"modified":"2026-01-02T00:03:14","modified_gmt":"2026-01-02T00:03:14","slug":"podne-i-zidne-plocice-cinca-soneto-dark-grey","status":"publish","type":"product","link":"https:\/\/www.keramika.com\/srbija\/podne-i-zidne-plocice-cinca-soneto-dark-grey\/","title":{"rendered":"Podne i zidne plo\u010dice Cinca Soneto Dark Grey"},"content":{"rendered":"<p>Cinca Soneto Dark Grey je dostupna po vrlo povoljnim cenama 2024 RSD. Plo\u010dica je debela 8 mm, \u0161to je ubraja u tvrde plo\u010dice. Cinca Soneto Dark Grey je proizvod iz Portugala te je izuzetno kvalitetna. Keramika je prekrasne sive boje. U koliko \u017eelite neku drugu boju, pozovite nas i mi \u0107emo proveriti kod proizvo\u0111a\u010da. Veli\u010dina plo\u010dice je 33&#215;33 cm i odli\u010dna je za razli\u010dite povr\u0161ine.<\/p>\n<p>Kliknite na ime serije za sve plo\u010dice u toj seriji: <a class=\"pdfcatal\" href=\"\/\/www.ceramictiles.com\/pdf\/cinca\/catalogue_cinca_soneto.pdf\" onclick=\"recordOutboundLink(this, 'E-mail', 'Description PDF');return false;\">Cinca Soneto<\/a><\/p>\n<p>Da bi naru\u010dili model iz PDF kataloga ove serije, molimo vas, da nas kontaktirate na: <a href=\"mailto:zo_mi@ceramictiles.com\" onclick=\"recordOutboundLink(this, 'E-mail', 'Description mail');return false;\">zo_mi@ceramictiles.com<\/a> ili nas pozovite na: For exact offer, PLS send us quantity and product you need with delivery address..<\/p>\n<p>Technical description: <br \/> W &#038; F 25&#215;33 ; 33&#215;33 <br \/>Soneto Cinza Claro ; Soneto Cinza Escuro ; Soneto Azul Claro ; Soneto Azul Escuro ; Soneto Bege Claro ; Soneto Bege Escuro ; Soneto Rosa Claro ; Soneto Rosa Escuro ;<\/p>\n","protected":false},"excerpt":{"rendered":"<p>Cinca Soneto Dark Grey je dostupna po vrlo povoljnim cenama 2024 RSD. Plo\u010dica je debela 8 mm, \u0161to je ubraja u tvrde plo\u010dice. Cinca Soneto Dark Grey je proizvod iz Portugala te je izuzetno kvalitetna. Keramika je prekrasne sive boje. U koliko \u017eelite neku drugu boju, pozovite nas i mi \u0107emo proveriti kod proizvo\u0111a\u010da. Veli\u010dina [&hellip;]<\/p>\n","protected":false},"featured_media":92201,"template":"","meta":[],"product_cat":[999968,200,220,240,999],"product_tag":[],"_links":{"self":[{"href":"https:\/\/www.keramika.com\/srbija\/wp-json\/wp\/v2\/product\/92200"}],"collection":[{"href":"https:\/\/www.keramika.com\/srbija\/wp-json\/wp\/v2\/product"}],"about":[{"href":"https:\/\/www.keramika.com\/srbija\/wp-json\/wp\/v2\/types\/product"}],"wp:featuredmedia":[{"embeddable":true,"href":"https:\/\/www.keramika.com\/srbija\/wp-json\/wp\/v2\/media\/92201"}],"wp:attachment":[{"href":"https:\/\/www.keramika.com\/srbija\/wp-json\/wp\/v2\/media?parent=92200"}],"wp:term":[{"taxonomy":"product_cat","embeddable":true,"href":"https:\/\/www.keramika.com\/srbija\/wp-json\/wp\/v2\/product_cat?post=92200"},{"taxonomy":"product_tag","embeddable":true,"href":"https:\/\/www.keramika.com\/srbija\/wp-json\/wp\/v2\/product_tag?post=92200"}],"curies":[{"name":"wp","href":"https:\/\/api.w.org\/{rel}","templated":true}]}}