{"id":92188,"date":"2017-07-02T01:15:51","date_gmt":"2017-07-02T01:15:51","guid":{"rendered":"http:\/\/www.ceramictiles.com\/srbija\/product\/zidne-plocice-cinca-pompei-noz\/"},"modified":"2026-01-02T00:03:12","modified_gmt":"2026-01-02T00:03:12","slug":"zidne-plocice-cinca-pompei-noz","status":"publish","type":"product","link":"https:\/\/www.keramika.com\/srbija\/zidne-plocice-cinca-pompei-noz\/","title":{"rendered":"Zidne plo\u010dice Cinca Pompei Noz"},"content":{"rendered":"<p>Debljina plo\u010dice, je vrlo va\u017ena 8 mm i ubraja tu plo\u010dicu me\u0111u najkvalitetnije. Cinca Pompei Noz dolazi iz Portugala, koja je poznata po vrlo visokoj kvaliteta keramike u svetu. Redovna cena, ovih plo\u010dica u maloprodaji je 2530 RSD. U na\u0161oj online trgovini, je mo\u017eete kupiti za 2024 RSD. Ove be\u017e kerami\u010dke plo\u010dice, obogatit \u0107e svaki prostor. Veli\u010dina 33&#215;33 cm je odli\u010dna za sve podloge.<\/p>\n<p>Kliknite na ime serije za sve plo\u010dice u toj seriji: <a class=\"pdfcatal\" href=\"\/\/www.ceramictiles.com\/pdf\/cinca\/catalogue_cinca_pompei.pdf\" onclick=\"recordOutboundLink(this, 'E-mail', 'Description PDF');return false;\">Cinca Pompei<\/a><\/p>\n<p>Da bi naru\u010dili model iz PDF kataloga ove serije, molimo vas, da nas kontaktirate na: <a href=\"mailto:zo_mi@ceramictiles.com\" onclick=\"recordOutboundLink(this, 'E-mail', 'Description mail');return false;\">zo_mi@ceramictiles.com<\/a> ili nas pozovite na: For exact offer, PLS send us quantity and product you need with delivery address..<\/p>\n<p>Technical description: <br \/> W &#038; F 20&#215;33 ; 33&#215;33 <br \/>Pompei Noz ;<\/p>\n","protected":false},"excerpt":{"rendered":"<p>Debljina plo\u010dice, je vrlo va\u017ena 8 mm i ubraja tu plo\u010dicu me\u0111u najkvalitetnije. Cinca Pompei Noz dolazi iz Portugala, koja je poznata po vrlo visokoj kvaliteta keramike u svetu. Redovna cena, ovih plo\u010dica u maloprodaji je 2530 RSD. U na\u0161oj online trgovini, je mo\u017eete kupiti za 2024 RSD. Ove be\u017e kerami\u010dke plo\u010dice, obogatit \u0107e svaki [&hellip;]<\/p>\n","protected":false},"featured_media":92189,"template":"","meta":[],"product_cat":[999968,200,220,240,999],"product_tag":[],"_links":{"self":[{"href":"https:\/\/www.keramika.com\/srbija\/wp-json\/wp\/v2\/product\/92188"}],"collection":[{"href":"https:\/\/www.keramika.com\/srbija\/wp-json\/wp\/v2\/product"}],"about":[{"href":"https:\/\/www.keramika.com\/srbija\/wp-json\/wp\/v2\/types\/product"}],"wp:featuredmedia":[{"embeddable":true,"href":"https:\/\/www.keramika.com\/srbija\/wp-json\/wp\/v2\/media\/92189"}],"wp:attachment":[{"href":"https:\/\/www.keramika.com\/srbija\/wp-json\/wp\/v2\/media?parent=92188"}],"wp:term":[{"taxonomy":"product_cat","embeddable":true,"href":"https:\/\/www.keramika.com\/srbija\/wp-json\/wp\/v2\/product_cat?post=92188"},{"taxonomy":"product_tag","embeddable":true,"href":"https:\/\/www.keramika.com\/srbija\/wp-json\/wp\/v2\/product_tag?post=92188"}],"curies":[{"name":"wp","href":"https:\/\/api.w.org\/{rel}","templated":true}]}}