{"id":92186,"date":"2017-07-02T01:15:34","date_gmt":"2017-07-02T01:15:34","guid":{"rendered":"http:\/\/www.ceramictiles.com\/srbija\/product\/kuhinjske-plocice-cinca-pombalino-traditional\/"},"modified":"2026-01-02T00:03:12","modified_gmt":"2026-01-02T00:03:12","slug":"kuhinjske-plocice-cinca-pombalino-traditional","status":"publish","type":"product","link":"https:\/\/www.keramika.com\/srbija\/kuhinjske-plocice-cinca-pombalino-traditional\/","title":{"rendered":"Kuhinjske plo\u010dice Cinca Pombalino Traditional"},"content":{"rendered":"<p>Redovna cena, ovih plo\u010dica u maloprodaji je 3248,75 RSD. U na\u0161oj online trgovini, je mo\u017eete kupiti za 2599 RSD. \u0160irina i du\u017eina plo\u010dice su 15&#215;15 cm. Plo\u010dica je debela 7 mm, \u0161to je ubraja u tvrde plo\u010dice. Cinca Pombalino Traditional dolazi iz Portugala, koja je poznata po vrlo visokoj kvaliteta keramike u svetu. Plo\u010dice plave boje, su letos izuzetno tre\u017eene.<\/p>\n<p>Kliknite na ime serije za sve plo\u010dice u toj seriji: <a class=\"pdfcatal\" href=\"\/\/www.ceramictiles.com\/pdf\/cinca\/catalogue_cinca_pombalino_traditional.pdf\" onclick=\"recordOutboundLink(this, 'E-mail', 'Description PDF');return false;\">Cinca Pombalino Traditional<\/a><\/p>\n<p>Da bi naru\u010dili model iz PDF kataloga ove serije, molimo vas, da nas kontaktirate na: <a href=\"mailto:zo_mi@ceramictiles.com\" onclick=\"recordOutboundLink(this, 'E-mail', 'Description mail');return false;\">zo_mi@ceramictiles.com<\/a> ili nas pozovite na: For exact offer, PLS send us quantity and product you need with delivery address..<\/p>\n<p>Technical description: <br \/> W 15&#215;15 <br \/>Pombalino Branco ; Pombalino Azul Cobalto ; Pombalino Verde Garrafa ; Pombalino Bordeaux ; Pombalino Ocre ;<\/p>\n","protected":false},"excerpt":{"rendered":"<p>Redovna cena, ovih plo\u010dica u maloprodaji je 3248,75 RSD. U na\u0161oj online trgovini, je mo\u017eete kupiti za 2599 RSD. \u0160irina i du\u017eina plo\u010dice su 15&#215;15 cm. Plo\u010dica je debela 7 mm, \u0161to je ubraja u tvrde plo\u010dice. Cinca Pombalino Traditional dolazi iz Portugala, koja je poznata po vrlo visokoj kvaliteta keramike u svetu. Plo\u010dice plave [&hellip;]<\/p>\n","protected":false},"featured_media":92187,"template":"","meta":[],"product_cat":[999968,200,230,999,250],"product_tag":[],"_links":{"self":[{"href":"https:\/\/www.keramika.com\/srbija\/wp-json\/wp\/v2\/product\/92186"}],"collection":[{"href":"https:\/\/www.keramika.com\/srbija\/wp-json\/wp\/v2\/product"}],"about":[{"href":"https:\/\/www.keramika.com\/srbija\/wp-json\/wp\/v2\/types\/product"}],"wp:featuredmedia":[{"embeddable":true,"href":"https:\/\/www.keramika.com\/srbija\/wp-json\/wp\/v2\/media\/92187"}],"wp:attachment":[{"href":"https:\/\/www.keramika.com\/srbija\/wp-json\/wp\/v2\/media?parent=92186"}],"wp:term":[{"taxonomy":"product_cat","embeddable":true,"href":"https:\/\/www.keramika.com\/srbija\/wp-json\/wp\/v2\/product_cat?post=92186"},{"taxonomy":"product_tag","embeddable":true,"href":"https:\/\/www.keramika.com\/srbija\/wp-json\/wp\/v2\/product_tag?post=92186"}],"curies":[{"name":"wp","href":"https:\/\/api.w.org\/{rel}","templated":true}]}}