{"id":92182,"date":"2017-07-02T01:15:02","date_gmt":"2017-07-02T01:15:02","guid":{"rendered":"http:\/\/www.ceramictiles.com\/srbija\/product\/plocice-za-kupatilo-cinca-pasadena-allure-lilac\/"},"modified":"2026-01-02T00:03:11","modified_gmt":"2026-01-02T00:03:11","slug":"plocice-za-kupatilo-cinca-pasadena-allure-lilac","status":"publish","type":"product","link":"https:\/\/www.keramika.com\/srbija\/plocice-za-kupatilo-cinca-pasadena-allure-lilac\/","title":{"rendered":"Plo\u010dice za kupatilo Cinca Pasadena Allure Lilac"},"content":{"rendered":"<p>Plo\u010dica na sliki je 50&#215;50 cm. Redovna cena, ovih plo\u010dica u maloprodaji je 4593,1 RSD. U na\u0161oj online trgovini, je mo\u017eete kupiti za 3674,25 RSD. Proizvodnja Portugala ,koja je poznata u svetu, kao jedana od najboljih proizvo\u0111a\u010da kerami\u010dkih plo\u010dica. 10 mm debljine je dovoljno za zahtevnije kupce. Plo\u010dice roze boje, su letos izuzetno tre\u017eene.<\/p>\n<p>Kliknite na ime serije za sve plo\u010dice u toj seriji: <a class=\"pdfcatal\" href=\"\/\/www.ceramictiles.com\/pdf\/cinca\/catalogue_cinca_pasadena.pdf\" onclick=\"recordOutboundLink(this, 'E-mail', 'Description PDF');return false;\">Cinca Pasadena<\/a><\/p>\n<p>Da bi naru\u010dili model iz PDF kataloga ove serije, molimo vas, da nas kontaktirate na: <a href=\"mailto:zo_mi@ceramictiles.com\" onclick=\"recordOutboundLink(this, 'E-mail', 'Description mail');return false;\">zo_mi@ceramictiles.com<\/a> ili nas pozovite na: For exact offer, PLS send us quantity and product you need with delivery address..<\/p>\n<p>Technical description: <br \/> W 25&#215;55 <br \/>Pasadena P\u00e9rola ; Pasadena Bege ; Pasadena Cinza Claro ; Pasadena Cinza ; Pasadena Lil\u00e1s ; Pasadena Coral ;<\/p>\n","protected":false},"excerpt":{"rendered":"<p>Plo\u010dica na sliki je 50&#215;50 cm. Redovna cena, ovih plo\u010dica u maloprodaji je 4593,1 RSD. U na\u0161oj online trgovini, je mo\u017eete kupiti za 3674,25 RSD. Proizvodnja Portugala ,koja je poznata u svetu, kao jedana od najboljih proizvo\u0111a\u010da kerami\u010dkih plo\u010dica. 10 mm debljine je dovoljno za zahtevnije kupce. Plo\u010dice roze boje, su letos izuzetno tre\u017eene. Kliknite [&hellip;]<\/p>\n","protected":false},"featured_media":92183,"template":"","meta":[],"product_cat":[999968,200,220,240,999],"product_tag":[],"_links":{"self":[{"href":"https:\/\/www.keramika.com\/srbija\/wp-json\/wp\/v2\/product\/92182"}],"collection":[{"href":"https:\/\/www.keramika.com\/srbija\/wp-json\/wp\/v2\/product"}],"about":[{"href":"https:\/\/www.keramika.com\/srbija\/wp-json\/wp\/v2\/types\/product"}],"wp:featuredmedia":[{"embeddable":true,"href":"https:\/\/www.keramika.com\/srbija\/wp-json\/wp\/v2\/media\/92183"}],"wp:attachment":[{"href":"https:\/\/www.keramika.com\/srbija\/wp-json\/wp\/v2\/media?parent=92182"}],"wp:term":[{"taxonomy":"product_cat","embeddable":true,"href":"https:\/\/www.keramika.com\/srbija\/wp-json\/wp\/v2\/product_cat?post=92182"},{"taxonomy":"product_tag","embeddable":true,"href":"https:\/\/www.keramika.com\/srbija\/wp-json\/wp\/v2\/product_tag?post=92182"}],"curies":[{"name":"wp","href":"https:\/\/api.w.org\/{rel}","templated":true}]}}