{"id":92178,"date":"2017-07-02T01:14:20","date_gmt":"2017-07-02T01:14:20","guid":{"rendered":"http:\/\/www.ceramictiles.com\/srbija\/product\/keramika-za-terase-cinca-origin-basalto\/"},"modified":"2026-01-02T00:03:11","modified_gmt":"2026-01-02T00:03:11","slug":"keramika-za-terase-cinca-origin-basalto","status":"publish","type":"product","link":"https:\/\/www.keramika.com\/srbija\/keramika-za-terase-cinca-origin-basalto\/","title":{"rendered":"Keramika za terase Cinca Origin Basalto"},"content":{"rendered":"<p>Ove plo\u010dice dolaze od proizvo\u0111a\u010da Cinca, iz Portugala. Umesto 4593,1 RSD \u0161to je redovna maloprodajna cena keramike, u na\u0161oj online prodavnici, je mo\u017eete dobiti za samo 3674,25 RSD. Ove crne kerami\u010dke plo\u010dice, obogatit \u0107e svaki prostor. Debljina plo\u010dice, je vrlo va\u017ena 10 mm i ubraja tu plo\u010dicu me\u0111u najkvalitetnije. Veli\u010dina plo\u010dice je 50&#215;50 cm i odli\u010dna je za razli\u010dite povr\u0161ine.<\/p>\n<p>Kliknite na ime serije za sve plo\u010dice u toj seriji: <a class=\"pdfcatal\" href=\"\/\/www.ceramictiles.com\/pdf\/cinca\/catalogue_cinca_origin.pdf\" onclick=\"recordOutboundLink(this, 'E-mail', 'Description PDF');return false;\">Cinca Origin<\/a><\/p>\n<p>Da bi naru\u010dili model iz PDF kataloga ove serije, molimo vas, da nas kontaktirate na: <a href=\"mailto:zo_mi@ceramictiles.com\" onclick=\"recordOutboundLink(this, 'E-mail', 'Description mail');return false;\">zo_mi@ceramictiles.com<\/a> ili nas pozovite na: For exact offer, PLS send us quantity and product you need with delivery address..<\/p>\n<p>Technical description: <br \/> F 49&#215;99 ; 49&#215;49 ; 50&#215;50 <br \/>Origin Basalto ;<\/p>\n","protected":false},"excerpt":{"rendered":"<p>Ove plo\u010dice dolaze od proizvo\u0111a\u010da Cinca, iz Portugala. Umesto 4593,1 RSD \u0161to je redovna maloprodajna cena keramike, u na\u0161oj online prodavnici, je mo\u017eete dobiti za samo 3674,25 RSD. Ove crne kerami\u010dke plo\u010dice, obogatit \u0107e svaki prostor. Debljina plo\u010dice, je vrlo va\u017ena 10 mm i ubraja tu plo\u010dicu me\u0111u najkvalitetnije. Veli\u010dina plo\u010dice je 50&#215;50 cm i [&hellip;]<\/p>\n","protected":false},"featured_media":92179,"template":"","meta":[],"product_cat":[999968,200,260,999,290],"product_tag":[99950091],"_links":{"self":[{"href":"https:\/\/www.keramika.com\/srbija\/wp-json\/wp\/v2\/product\/92178"}],"collection":[{"href":"https:\/\/www.keramika.com\/srbija\/wp-json\/wp\/v2\/product"}],"about":[{"href":"https:\/\/www.keramika.com\/srbija\/wp-json\/wp\/v2\/types\/product"}],"wp:featuredmedia":[{"embeddable":true,"href":"https:\/\/www.keramika.com\/srbija\/wp-json\/wp\/v2\/media\/92179"}],"wp:attachment":[{"href":"https:\/\/www.keramika.com\/srbija\/wp-json\/wp\/v2\/media?parent=92178"}],"wp:term":[{"taxonomy":"product_cat","embeddable":true,"href":"https:\/\/www.keramika.com\/srbija\/wp-json\/wp\/v2\/product_cat?post=92178"},{"taxonomy":"product_tag","embeddable":true,"href":"https:\/\/www.keramika.com\/srbija\/wp-json\/wp\/v2\/product_tag?post=92178"}],"curies":[{"name":"wp","href":"https:\/\/api.w.org\/{rel}","templated":true}]}}