{"id":92176,"date":"2017-07-02T01:14:02","date_gmt":"2017-07-02T01:14:02","guid":{"rendered":"http:\/\/www.ceramictiles.com\/srbija\/product\/plocice-za-kupatilo-cinca-ophelia-petrol\/"},"modified":"2026-01-02T00:03:11","modified_gmt":"2026-01-02T00:03:11","slug":"plocice-za-kupatilo-cinca-ophelia-petrol","status":"publish","type":"product","link":"https:\/\/www.keramika.com\/srbija\/plocice-za-kupatilo-cinca-ophelia-petrol\/","title":{"rendered":"Plo\u010dice za kupatilo Cinca Ophelia Petrol"},"content":{"rendered":"<p>plo\u010dica proizvo\u0111a\u010da Cinca iz Portugala. 8 mm debljina \u0107e zadovoljiti i najzahtevnije kupce. Plo\u010dica na sliki je 33&#215;33 cm. Online cena je samo 2737 RSD, dok redovna, maloprodajna cena 3421,25 RSD. Plo\u010dice plave boje, su letos izuzetno tre\u017eene.<\/p>\n<p>Kliknite na ime serije za sve plo\u010dice u toj seriji: <a class=\"pdfcatal\" href=\"\/\/www.ceramictiles.com\/pdf\/cinca\/catalogue_cinca_ophelia.pdf\" onclick=\"recordOutboundLink(this, 'E-mail', 'Description PDF');return false;\">Cinca Ophelia<\/a><\/p>\n<p>Da bi naru\u010dili model iz PDF kataloga ove serije, molimo vas, da nas kontaktirate na: <a href=\"mailto:zo_mi@ceramictiles.com\" onclick=\"recordOutboundLink(this, 'E-mail', 'Description mail');return false;\">zo_mi@ceramictiles.com<\/a> ili nas pozovite na: For exact offer, PLS send us quantity and product you need with delivery address..<\/p>\n<p>Technical description: <br \/> W &#038; F 25&#215;45 ; 33&#215;33 <br \/>Ophelia P\u00e9rola ; Ophelia Ameixa ; Ophelia Cinza ; Ophelia Antracite ; Ophelia Petr\u00f3leo ;<\/p>\n","protected":false},"excerpt":{"rendered":"<p>plo\u010dica proizvo\u0111a\u010da Cinca iz Portugala. 8 mm debljina \u0107e zadovoljiti i najzahtevnije kupce. Plo\u010dica na sliki je 33&#215;33 cm. Online cena je samo 2737 RSD, dok redovna, maloprodajna cena 3421,25 RSD. Plo\u010dice plave boje, su letos izuzetno tre\u017eene. Kliknite na ime serije za sve plo\u010dice u toj seriji: Cinca Ophelia Da bi naru\u010dili model iz [&hellip;]<\/p>\n","protected":false},"featured_media":92177,"template":"","meta":[],"product_cat":[999968,200,220,240,999],"product_tag":[],"_links":{"self":[{"href":"https:\/\/www.keramika.com\/srbija\/wp-json\/wp\/v2\/product\/92176"}],"collection":[{"href":"https:\/\/www.keramika.com\/srbija\/wp-json\/wp\/v2\/product"}],"about":[{"href":"https:\/\/www.keramika.com\/srbija\/wp-json\/wp\/v2\/types\/product"}],"wp:featuredmedia":[{"embeddable":true,"href":"https:\/\/www.keramika.com\/srbija\/wp-json\/wp\/v2\/media\/92177"}],"wp:attachment":[{"href":"https:\/\/www.keramika.com\/srbija\/wp-json\/wp\/v2\/media?parent=92176"}],"wp:term":[{"taxonomy":"product_cat","embeddable":true,"href":"https:\/\/www.keramika.com\/srbija\/wp-json\/wp\/v2\/product_cat?post=92176"},{"taxonomy":"product_tag","embeddable":true,"href":"https:\/\/www.keramika.com\/srbija\/wp-json\/wp\/v2\/product_tag?post=92176"}],"curies":[{"name":"wp","href":"https:\/\/api.w.org\/{rel}","templated":true}]}}