{"id":92170,"date":"2017-07-02T01:13:10","date_gmt":"2017-07-02T01:13:10","guid":{"rendered":"http:\/\/www.ceramictiles.com\/srbija\/product\/projekt-plocice-cinca-nova-arquitectura-ad-pro\/"},"modified":"2026-01-02T00:03:10","modified_gmt":"2026-01-02T00:03:10","slug":"projekt-plocice-cinca-nova-arquitectura-ad-pro","status":"publish","type":"product","link":"https:\/\/www.keramika.com\/srbija\/projekt-plocice-cinca-nova-arquitectura-ad-pro\/","title":{"rendered":"Projekt plo\u010dice Cinca Nova Arquitectura &#8211; AD PRO"},"content":{"rendered":"<p>Plo\u010dica je debela 6 mm, \u0161to je ubraja u tvrde plo\u010dice. Online cena je samo 2213,75 RSD, dok redovna, maloprodajna cena 2766,9 RSD. Veli\u010dina 20&#215;20 cm je odli\u010dna za sve podloge. Ove plo\u010dice dolaze od proizvo\u0111a\u010da Cinca, iz Portugala. Keramika je prekrasne narand\u017easte boje. U koliko \u017eelite neku drugu boju, pozovite nas i mi \u0107emo proveriti kod proizvo\u0111a\u010da.<\/p>\n<p>Kliknite na ime serije za sve plo\u010dice u toj seriji: <a class=\"pdfcatal\" href=\"\/\/www.ceramictiles.com\/pdf\/cinca\/catalogue_cinca_nova_arquitectura_ad_pro.pdf\" onclick=\"recordOutboundLink(this, 'E-mail', 'Description PDF');return false;\">Cinca Nova Arquitectura &#8211; AD PRO<\/a><\/p>\n<p>Da bi naru\u010dili model iz PDF kataloga ove serije, molimo vas, da nas kontaktirate na: <a href=\"mailto:zo_mi@ceramictiles.com\" onclick=\"recordOutboundLink(this, 'E-mail', 'Description mail');return false;\">zo_mi@ceramictiles.com<\/a> ili nas pozovite na: For exact offer, PLS send us quantity and product you need with delivery address..<\/p>\n<p>Technical description: <br \/> F 20&#215;20 <br \/>Ad-Pro Cinza P\u00e9rola ; Ad-Pro Jasmim ; Ad-Pro Azul Gelo ; Ad-Pro Cinza Chumbo ; Ad-Pro Cognac ; Ad-Pro Azul China ; Ad-Pro Areia Saudi ; Ad-Pro Cinza Azeitona ; Ad-Pro Cinza Alum\u00ednio ; Ad-Pro Chocolate Preto ; Ad-Pro Grafite ; Ad-Pro Cinza P\u00e9rola Granitado ; Ad-Pro Jasmim Granitado ; Ad-Pro Azul Gelo Granitado ; Ad-Pro Cinza Chumbo Granitado ; Ad-Pro Cognac Granitado ; Ad-Pro Azul China Granitado ;<\/p>\n","protected":false},"excerpt":{"rendered":"<p>Plo\u010dica je debela 6 mm, \u0161to je ubraja u tvrde plo\u010dice. Online cena je samo 2213,75 RSD, dok redovna, maloprodajna cena 2766,9 RSD. Veli\u010dina 20&#215;20 cm je odli\u010dna za sve podloge. Ove plo\u010dice dolaze od proizvo\u0111a\u010da Cinca, iz Portugala. Keramika je prekrasne narand\u017easte boje. U koliko \u017eelite neku drugu boju, pozovite nas i mi \u0107emo [&hellip;]<\/p>\n","protected":false},"featured_media":92171,"template":"","meta":[],"product_cat":[999968,200,260,999,290,250],"product_tag":[],"_links":{"self":[{"href":"https:\/\/www.keramika.com\/srbija\/wp-json\/wp\/v2\/product\/92170"}],"collection":[{"href":"https:\/\/www.keramika.com\/srbija\/wp-json\/wp\/v2\/product"}],"about":[{"href":"https:\/\/www.keramika.com\/srbija\/wp-json\/wp\/v2\/types\/product"}],"wp:featuredmedia":[{"embeddable":true,"href":"https:\/\/www.keramika.com\/srbija\/wp-json\/wp\/v2\/media\/92171"}],"wp:attachment":[{"href":"https:\/\/www.keramika.com\/srbija\/wp-json\/wp\/v2\/media?parent=92170"}],"wp:term":[{"taxonomy":"product_cat","embeddable":true,"href":"https:\/\/www.keramika.com\/srbija\/wp-json\/wp\/v2\/product_cat?post=92170"},{"taxonomy":"product_tag","embeddable":true,"href":"https:\/\/www.keramika.com\/srbija\/wp-json\/wp\/v2\/product_tag?post=92170"}],"curies":[{"name":"wp","href":"https:\/\/api.w.org\/{rel}","templated":true}]}}