{"id":92168,"date":"2017-07-02T01:12:51","date_gmt":"2017-07-02T01:12:51","guid":{"rendered":"http:\/\/www.ceramictiles.com\/srbija\/product\/cinca-mosaico-porcelanico-turquoise\/"},"modified":"2026-01-02T00:03:10","modified_gmt":"2026-01-02T00:03:10","slug":"cinca-mosaico-porcelanico-turquoise","status":"publish","type":"product","link":"https:\/\/www.keramika.com\/srbija\/cinca-mosaico-porcelanico-turquoise\/","title":{"rendered":"Cinca Mosaico Porcelanico Turquoise"},"content":{"rendered":"<p>Cinca Mosaico Porcelanico Turquoise je proizvod iz Portugala te je izuzetno kvalitetna. U izboru plo\u010dica plave boje, ne mo\u017eete pogre\u0161iti. Dimenzije ovih plo\u010dica su 24&#215;24 cm. Redovna cena, ovih plo\u010dica u maloprodaji je 5793,7 RSD. U na\u0161oj online trgovini, je mo\u017eete kupiti za 4634,5 RSD. Ova plo\u010dica je debela 4 mm i zato je izuzetno izdr\u017eljiva.<\/p>\n<p>Kliknite na ime serije za sve plo\u010dice u toj seriji: <a class=\"pdfcatal\" href=\"\/\/www.ceramictiles.com\/pdf\/cinca\/catalogue_cinca_mosaico_porcelanico.pdf\" onclick=\"recordOutboundLink(this, 'E-mail', 'Description PDF');return false;\">Cinca Mosaico Porcelanico<\/a><\/p>\n<p>Da bi naru\u010dili model iz PDF kataloga ove serije, molimo vas, da nas kontaktirate na: <a href=\"mailto:zo_mi@ceramictiles.com\" onclick=\"recordOutboundLink(this, 'E-mail', 'Description mail');return false;\">zo_mi@ceramictiles.com<\/a> ili nas pozovite na: For exact offer, PLS send us quantity and product you need with delivery address..<\/p>\n<p>Technical description: <br \/> W &#038; F 2,5&#215;2,5 <br \/>Mosaico Porcel\u00e2nico Branco Porcelana ; Mosaico Porcel\u00e2nico P\u00e9rola ; Mosaico Porcel\u00e2nico Bege ; Mosaico Porcel\u00e2nico Amarelo Palha ; Mosaico Porcel\u00e2nico Amarelo ; Mosaico Porcel\u00e2nico Ouro ; Mosaico Porcel\u00e2nico Bronze ; Mosaico Porcel\u00e2nico Vermelho ; Mosaico Porcel\u00e2nico Castanho ; Mosaico Porcel\u00e2nico Verde Cinza ; Mosaico Porcel\u00e2nico Verde ; Mosaico Porcel\u00e2nico Cinzento ; Mosaico Porcel\u00e2nico Azul Cinza ; Mosaico Porcel\u00e2nico Azul ; Mosaico Porcel\u00e2nico Turquesa ; Mosaico Porcel\u00e2nico Rosa Velho ; Mosaico Porcel\u00e2nico Rosa ; Mosaico Porcel\u00e2nico Preto ;<\/p>\n","protected":false},"excerpt":{"rendered":"<p>Cinca Mosaico Porcelanico Turquoise je proizvod iz Portugala te je izuzetno kvalitetna. U izboru plo\u010dica plave boje, ne mo\u017eete pogre\u0161iti. Dimenzije ovih plo\u010dica su 24&#215;24 cm. Redovna cena, ovih plo\u010dica u maloprodaji je 5793,7 RSD. U na\u0161oj online trgovini, je mo\u017eete kupiti za 4634,5 RSD. Ova plo\u010dica je debela 4 mm i zato je izuzetno [&hellip;]<\/p>\n","protected":false},"featured_media":92169,"template":"","meta":[],"product_cat":[999968,200,220,400,999,290],"product_tag":[],"_links":{"self":[{"href":"https:\/\/www.keramika.com\/srbija\/wp-json\/wp\/v2\/product\/92168"}],"collection":[{"href":"https:\/\/www.keramika.com\/srbija\/wp-json\/wp\/v2\/product"}],"about":[{"href":"https:\/\/www.keramika.com\/srbija\/wp-json\/wp\/v2\/types\/product"}],"wp:featuredmedia":[{"embeddable":true,"href":"https:\/\/www.keramika.com\/srbija\/wp-json\/wp\/v2\/media\/92169"}],"wp:attachment":[{"href":"https:\/\/www.keramika.com\/srbija\/wp-json\/wp\/v2\/media?parent=92168"}],"wp:term":[{"taxonomy":"product_cat","embeddable":true,"href":"https:\/\/www.keramika.com\/srbija\/wp-json\/wp\/v2\/product_cat?post=92168"},{"taxonomy":"product_tag","embeddable":true,"href":"https:\/\/www.keramika.com\/srbija\/wp-json\/wp\/v2\/product_tag?post=92168"}],"curies":[{"name":"wp","href":"https:\/\/api.w.org\/{rel}","templated":true}]}}