{"id":92166,"date":"2017-07-02T01:12:34","date_gmt":"2017-07-02T01:12:34","guid":{"rendered":"http:\/\/www.ceramictiles.com\/srbija\/product\/podne-porcelanske-plocice-cinca-moonlight-bronze\/"},"modified":"2026-01-02T00:03:09","modified_gmt":"2026-01-02T00:03:09","slug":"podne-porcelanske-plocice-cinca-moonlight-bronze","status":"publish","type":"product","link":"https:\/\/www.keramika.com\/srbija\/podne-porcelanske-plocice-cinca-moonlight-bronze\/","title":{"rendered":"Podne porcelanske plo\u010dice Cinca Moonlight Bronze"},"content":{"rendered":"<p>10 mm debljine je dovoljno za zahtevnije kupce. Plo\u010dica na sliki je 50&#215;50 cm. Redovna cena, ovih plo\u010dica u maloprodaji je 5161,2 RSD. U na\u0161oj online trgovini, je mo\u017eete kupiti za 4128,5 RSD. Plo\u010dice zlate boje osvje\u017eit \u0107e svaki prostor. plo\u010dica proizvo\u0111a\u010da Cinca iz Portugala.<\/p>\n<p>Kliknite na ime serije za sve plo\u010dice u toj seriji: <a class=\"pdfcatal\" href=\"\/\/www.ceramictiles.com\/pdf\/cinca\/catalogue_cinca_moonlight.pdf\" onclick=\"recordOutboundLink(this, 'E-mail', 'Description PDF');return false;\">Cinca Moonlight<\/a><\/p>\n<p>Da bi naru\u010dili model iz PDF kataloga ove serije, molimo vas, da nas kontaktirate na: <a href=\"mailto:zo_mi@ceramictiles.com\" onclick=\"recordOutboundLink(this, 'E-mail', 'Description mail');return false;\">zo_mi@ceramictiles.com<\/a> ili nas pozovite na: For exact offer, PLS send us quantity and product you need with delivery address..<\/p>\n<p>Technical description: <br \/> F 49&#215;49 ; 24,5&#215;49 ; 50&#215;50 <br \/>Moonlight Bronze ;<\/p>\n","protected":false},"excerpt":{"rendered":"<p>10 mm debljine je dovoljno za zahtevnije kupce. Plo\u010dica na sliki je 50&#215;50 cm. Redovna cena, ovih plo\u010dica u maloprodaji je 5161,2 RSD. U na\u0161oj online trgovini, je mo\u017eete kupiti za 4128,5 RSD. Plo\u010dice zlate boje osvje\u017eit \u0107e svaki prostor. plo\u010dica proizvo\u0111a\u010da Cinca iz Portugala. Kliknite na ime serije za sve plo\u010dice u toj seriji: [&hellip;]<\/p>\n","protected":false},"featured_media":92167,"template":"","meta":[],"product_cat":[999968,200,220,999,290],"product_tag":[],"_links":{"self":[{"href":"https:\/\/www.keramika.com\/srbija\/wp-json\/wp\/v2\/product\/92166"}],"collection":[{"href":"https:\/\/www.keramika.com\/srbija\/wp-json\/wp\/v2\/product"}],"about":[{"href":"https:\/\/www.keramika.com\/srbija\/wp-json\/wp\/v2\/types\/product"}],"wp:featuredmedia":[{"embeddable":true,"href":"https:\/\/www.keramika.com\/srbija\/wp-json\/wp\/v2\/media\/92167"}],"wp:attachment":[{"href":"https:\/\/www.keramika.com\/srbija\/wp-json\/wp\/v2\/media?parent=92166"}],"wp:term":[{"taxonomy":"product_cat","embeddable":true,"href":"https:\/\/www.keramika.com\/srbija\/wp-json\/wp\/v2\/product_cat?post=92166"},{"taxonomy":"product_tag","embeddable":true,"href":"https:\/\/www.keramika.com\/srbija\/wp-json\/wp\/v2\/product_tag?post=92166"}],"curies":[{"name":"wp","href":"https:\/\/api.w.org\/{rel}","templated":true}]}}