{"id":92162,"date":"2017-07-02T01:11:59","date_gmt":"2017-07-02T01:11:59","guid":{"rendered":"http:\/\/www.ceramictiles.com\/srbija\/product\/plocice-za-kupatilo-cinca-metropolitan-anthracite\/"},"modified":"2026-01-02T00:03:09","modified_gmt":"2026-01-02T00:03:09","slug":"plocice-za-kupatilo-cinca-metropolitan-anthracite","status":"publish","type":"product","link":"https:\/\/www.keramika.com\/srbija\/plocice-za-kupatilo-cinca-metropolitan-anthracite\/","title":{"rendered":"Plo\u010dice za kupatilo Cinca Metropolitan Anthracite"},"content":{"rendered":"<p>plo\u010dica proizvo\u0111a\u010da Cinca iz Portugala. Dimenzije ovih plo\u010dica su 32&#215;75 cm. Plo\u010dice crne boje osvje\u017eit \u0107e svaki prostor. 10 mm debljina \u0107e zadovoljiti i najzahtevnije kupce. Umesto 6864,35 RSD \u0161to je redovna maloprodajna cena keramike, u na\u0161oj online prodavnici, je mo\u017eete dobiti za samo 5491,25 RSD.<\/p>\n<p>Kliknite na ime serije za sve plo\u010dice u toj seriji: <a class=\"pdfcatal\" href=\"\/\/www.ceramictiles.com\/pdf\/cinca\/catalogue_cinca_metropolitan.pdf\" onclick=\"recordOutboundLink(this, 'E-mail', 'Description PDF');return false;\">Cinca Metropolitan<\/a><\/p>\n<p>Da bi naru\u010dili model iz PDF kataloga ove serije, molimo vas, da nas kontaktirate na: <a href=\"mailto:zo_mi@ceramictiles.com\" onclick=\"recordOutboundLink(this, 'E-mail', 'Description mail');return false;\">zo_mi@ceramictiles.com<\/a> ili nas pozovite na: For exact offer, PLS send us quantity and product you need with delivery address..<\/p>\n<p>Technical description: <br \/> W &#038; F 32&#215;75 ; 32&#215;32 <br \/>Metropolitan P\u00e9rola ; Metropolitan Ameixa ; Metropolitan Cinza ; Metropolitan Antracite ;<\/p>\n","protected":false},"excerpt":{"rendered":"<p>plo\u010dica proizvo\u0111a\u010da Cinca iz Portugala. Dimenzije ovih plo\u010dica su 32&#215;75 cm. Plo\u010dice crne boje osvje\u017eit \u0107e svaki prostor. 10 mm debljina \u0107e zadovoljiti i najzahtevnije kupce. Umesto 6864,35 RSD \u0161to je redovna maloprodajna cena keramike, u na\u0161oj online prodavnici, je mo\u017eete dobiti za samo 5491,25 RSD. Kliknite na ime serije za sve plo\u010dice u toj [&hellip;]<\/p>\n","protected":false},"featured_media":92163,"template":"","meta":[],"product_cat":[999968,200,220,999,250],"product_tag":[],"_links":{"self":[{"href":"https:\/\/www.keramika.com\/srbija\/wp-json\/wp\/v2\/product\/92162"}],"collection":[{"href":"https:\/\/www.keramika.com\/srbija\/wp-json\/wp\/v2\/product"}],"about":[{"href":"https:\/\/www.keramika.com\/srbija\/wp-json\/wp\/v2\/types\/product"}],"wp:featuredmedia":[{"embeddable":true,"href":"https:\/\/www.keramika.com\/srbija\/wp-json\/wp\/v2\/media\/92163"}],"wp:attachment":[{"href":"https:\/\/www.keramika.com\/srbija\/wp-json\/wp\/v2\/media?parent=92162"}],"wp:term":[{"taxonomy":"product_cat","embeddable":true,"href":"https:\/\/www.keramika.com\/srbija\/wp-json\/wp\/v2\/product_cat?post=92162"},{"taxonomy":"product_tag","embeddable":true,"href":"https:\/\/www.keramika.com\/srbija\/wp-json\/wp\/v2\/product_tag?post=92162"}],"curies":[{"name":"wp","href":"https:\/\/api.w.org\/{rel}","templated":true}]}}