{"id":92160,"date":"2017-07-02T01:11:41","date_gmt":"2017-07-02T01:11:41","guid":{"rendered":"http:\/\/www.ceramictiles.com\/srbija\/product\/zidne-plocice-cinca-metalizado-white\/"},"modified":"2026-01-02T00:03:09","modified_gmt":"2026-01-02T00:03:09","slug":"zidne-plocice-cinca-metalizado-white","status":"publish","type":"product","link":"https:\/\/www.keramika.com\/srbija\/zidne-plocice-cinca-metalizado-white\/","title":{"rendered":"Zidne plo\u010dice Cinca Metalizado White"},"content":{"rendered":"<p>8 mm debljina \u0107e zadovoljiti i najzahtevnije kupce. Veli\u010dina 25&#215;33 cm je odli\u010dna za sve podloge. Umesto 2766,9 RSD \u0161to je redovna maloprodajna cena keramike, u na\u0161oj online prodavnici, je mo\u017eete dobiti za samo 2213,75 RSD. U izboru plo\u010dica bele boje, ne mo\u017eete pogre\u0161iti. Ove plo\u010dice dolaze od proizvo\u0111a\u010da Cinca, iz Portugala.<\/p>\n<p>Kliknite na ime serije za sve plo\u010dice u toj seriji: <a class=\"pdfcatal\" href=\"\/\/www.ceramictiles.com\/pdf\/cinca\/catalogue_cinca_metalizado.pdf\" onclick=\"recordOutboundLink(this, 'E-mail', 'Description PDF');return false;\">Cinca Metalizado<\/a><\/p>\n<p>Da bi naru\u010dili model iz PDF kataloga ove serije, molimo vas, da nas kontaktirate na: <a href=\"mailto:zo_mi@ceramictiles.com\" onclick=\"recordOutboundLink(this, 'E-mail', 'Description mail');return false;\">zo_mi@ceramictiles.com<\/a> ili nas pozovite na: For exact offer, PLS send us quantity and product you need with delivery address..<\/p>\n<p>Technical description: <br \/> W 25&#215;33 <br \/>Metalizado Branco ; Metalizado P\u00e9rola ;<\/p>\n","protected":false},"excerpt":{"rendered":"<p>8 mm debljina \u0107e zadovoljiti i najzahtevnije kupce. Veli\u010dina 25&#215;33 cm je odli\u010dna za sve podloge. Umesto 2766,9 RSD \u0161to je redovna maloprodajna cena keramike, u na\u0161oj online prodavnici, je mo\u017eete dobiti za samo 2213,75 RSD. U izboru plo\u010dica bele boje, ne mo\u017eete pogre\u0161iti. Ove plo\u010dice dolaze od proizvo\u0111a\u010da Cinca, iz Portugala. Kliknite na ime [&hellip;]<\/p>\n","protected":false},"featured_media":92161,"template":"","meta":[],"product_cat":[999968,200,220,999,250],"product_tag":[],"_links":{"self":[{"href":"https:\/\/www.keramika.com\/srbija\/wp-json\/wp\/v2\/product\/92160"}],"collection":[{"href":"https:\/\/www.keramika.com\/srbija\/wp-json\/wp\/v2\/product"}],"about":[{"href":"https:\/\/www.keramika.com\/srbija\/wp-json\/wp\/v2\/types\/product"}],"wp:featuredmedia":[{"embeddable":true,"href":"https:\/\/www.keramika.com\/srbija\/wp-json\/wp\/v2\/media\/92161"}],"wp:attachment":[{"href":"https:\/\/www.keramika.com\/srbija\/wp-json\/wp\/v2\/media?parent=92160"}],"wp:term":[{"taxonomy":"product_cat","embeddable":true,"href":"https:\/\/www.keramika.com\/srbija\/wp-json\/wp\/v2\/product_cat?post=92160"},{"taxonomy":"product_tag","embeddable":true,"href":"https:\/\/www.keramika.com\/srbija\/wp-json\/wp\/v2\/product_tag?post=92160"}],"curies":[{"name":"wp","href":"https:\/\/api.w.org\/{rel}","templated":true}]}}