{"id":92158,"date":"2017-07-02T01:11:24","date_gmt":"2017-07-02T01:11:24","guid":{"rendered":"http:\/\/www.ceramictiles.com\/srbija\/product\/podne-porcelanske-plocice-cinca-menhir-anthracite\/"},"modified":"2026-01-02T00:03:08","modified_gmt":"2026-01-02T00:03:08","slug":"podne-porcelanske-plocice-cinca-menhir-anthracite","status":"publish","type":"product","link":"https:\/\/www.keramika.com\/srbija\/podne-porcelanske-plocice-cinca-menhir-anthracite\/","title":{"rendered":"Podne porcelanske plo\u010dice Cinca Menhir Anthracite"},"content":{"rendered":"<p>Izuzetno moderne plo\u010dice crne boje, osve\u017eit \u0107e svaki prostor. Ova plo\u010dica je debela 10 mm i zato je izuzetno izdr\u017eljiva. Umesto 4593,1 RSD \u0161to je redovna maloprodajna cena keramike, u na\u0161oj online prodavnici, je mo\u017eete dobiti za samo 3674,25 RSD. Veli\u010dina plo\u010dice je 50&#215;50 cm i odli\u010dna je za razli\u010dite povr\u0161ine. plo\u010dica proizvo\u0111a\u010da Cinca iz Portugala.<\/p>\n<p>Kliknite na ime serije za sve plo\u010dice u toj seriji: <a class=\"pdfcatal\" href=\"\/\/www.ceramictiles.com\/pdf\/cinca\/catalogue_cinca_menhir.pdf\" onclick=\"recordOutboundLink(this, 'E-mail', 'Description PDF');return false;\">Cinca Menhir<\/a><\/p>\n<p>Da bi naru\u010dili model iz PDF kataloga ove serije, molimo vas, da nas kontaktirate na: <a href=\"mailto:zo_mi@ceramictiles.com\" onclick=\"recordOutboundLink(this, 'E-mail', 'Description mail');return false;\">zo_mi@ceramictiles.com<\/a> ili nas pozovite na: For exact offer, PLS send us quantity and product you need with delivery address..<\/p>\n<p>Technical description: <br \/> F 49&#215;49 ; 50&#215;50 <br \/>Menhir Bege ; Menhir Tabaco ; Menhir Cinza ; Menhir Antracite ;<\/p>\n","protected":false},"excerpt":{"rendered":"<p>Izuzetno moderne plo\u010dice crne boje, osve\u017eit \u0107e svaki prostor. Ova plo\u010dica je debela 10 mm i zato je izuzetno izdr\u017eljiva. Umesto 4593,1 RSD \u0161to je redovna maloprodajna cena keramike, u na\u0161oj online prodavnici, je mo\u017eete dobiti za samo 3674,25 RSD. Veli\u010dina plo\u010dice je 50&#215;50 cm i odli\u010dna je za razli\u010dite povr\u0161ine. plo\u010dica proizvo\u0111a\u010da Cinca iz [&hellip;]<\/p>\n","protected":false},"featured_media":92159,"template":"","meta":[],"product_cat":[999968,200,240,999,290],"product_tag":[],"_links":{"self":[{"href":"https:\/\/www.keramika.com\/srbija\/wp-json\/wp\/v2\/product\/92158"}],"collection":[{"href":"https:\/\/www.keramika.com\/srbija\/wp-json\/wp\/v2\/product"}],"about":[{"href":"https:\/\/www.keramika.com\/srbija\/wp-json\/wp\/v2\/types\/product"}],"wp:featuredmedia":[{"embeddable":true,"href":"https:\/\/www.keramika.com\/srbija\/wp-json\/wp\/v2\/media\/92159"}],"wp:attachment":[{"href":"https:\/\/www.keramika.com\/srbija\/wp-json\/wp\/v2\/media?parent=92158"}],"wp:term":[{"taxonomy":"product_cat","embeddable":true,"href":"https:\/\/www.keramika.com\/srbija\/wp-json\/wp\/v2\/product_cat?post=92158"},{"taxonomy":"product_tag","embeddable":true,"href":"https:\/\/www.keramika.com\/srbija\/wp-json\/wp\/v2\/product_tag?post=92158"}],"curies":[{"name":"wp","href":"https:\/\/api.w.org\/{rel}","templated":true}]}}