{"id":92150,"date":"2017-07-02T01:10:14","date_gmt":"2017-07-02T01:10:14","guid":{"rendered":"http:\/\/www.ceramictiles.com\/srbija\/product\/podne-i-zidne-plocice-cinca-madeira-white\/"},"modified":"2026-01-02T00:03:08","modified_gmt":"2026-01-02T00:03:08","slug":"podne-i-zidne-plocice-cinca-madeira-white","status":"publish","type":"product","link":"https:\/\/www.keramika.com\/srbija\/podne-i-zidne-plocice-cinca-madeira-white\/","title":{"rendered":"Podne i zidne plo\u010dice Cinca Madeira White"},"content":{"rendered":"<p>Veli\u010dina plo\u010dice je 33&#215;33 cm i odli\u010dna je za razli\u010dite povr\u0161ine. Proizvodnja Portugala ,koja je poznata u svetu, kao jedana od najboljih proizvo\u0111a\u010da kerami\u010dkih plo\u010dica. Online cena je samo 2024 RSD, dok redovna, maloprodajna cena 2530 RSD. 8 mm debljine je dovoljno za zahtevnije kupce. U izboru plo\u010dica bele boje, ne mo\u017eete pogre\u0161iti.<\/p>\n<p>Kliknite na ime serije za sve plo\u010dice u toj seriji: <a class=\"pdfcatal\" href=\"\/\/www.ceramictiles.com\/pdf\/cinca\/catalogue_cinca_madeira.pdf\" onclick=\"recordOutboundLink(this, 'E-mail', 'Description PDF');return false;\">Cinca Madeira<\/a><\/p>\n<p>Da bi naru\u010dili model iz PDF kataloga ove serije, molimo vas, da nas kontaktirate na: <a href=\"mailto:zo_mi@ceramictiles.com\" onclick=\"recordOutboundLink(this, 'E-mail', 'Description mail');return false;\">zo_mi@ceramictiles.com<\/a> ili nas pozovite na: For exact offer, PLS send us quantity and product you need with delivery address..<\/p>\n<p>Technical description: <br \/> W &#038; F 25&#215;45 ; 33&#215;33 <br \/>Madeira Branco ; Madeira Cinza ; Madeira P\u00e9rola ; Madeira Antracite ; Madeira Brick ; Madeira Bege ; Madeira Bronze ;<\/p>\n","protected":false},"excerpt":{"rendered":"<p>Veli\u010dina plo\u010dice je 33&#215;33 cm i odli\u010dna je za razli\u010dite povr\u0161ine. Proizvodnja Portugala ,koja je poznata u svetu, kao jedana od najboljih proizvo\u0111a\u010da kerami\u010dkih plo\u010dica. Online cena je samo 2024 RSD, dok redovna, maloprodajna cena 2530 RSD. 8 mm debljine je dovoljno za zahtevnije kupce. U izboru plo\u010dica bele boje, ne mo\u017eete pogre\u0161iti. Kliknite na [&hellip;]<\/p>\n","protected":false},"featured_media":92151,"template":"","meta":[],"product_cat":[999968,200,220,240,999],"product_tag":[],"_links":{"self":[{"href":"https:\/\/www.keramika.com\/srbija\/wp-json\/wp\/v2\/product\/92150"}],"collection":[{"href":"https:\/\/www.keramika.com\/srbija\/wp-json\/wp\/v2\/product"}],"about":[{"href":"https:\/\/www.keramika.com\/srbija\/wp-json\/wp\/v2\/types\/product"}],"wp:featuredmedia":[{"embeddable":true,"href":"https:\/\/www.keramika.com\/srbija\/wp-json\/wp\/v2\/media\/92151"}],"wp:attachment":[{"href":"https:\/\/www.keramika.com\/srbija\/wp-json\/wp\/v2\/media?parent=92150"}],"wp:term":[{"taxonomy":"product_cat","embeddable":true,"href":"https:\/\/www.keramika.com\/srbija\/wp-json\/wp\/v2\/product_cat?post=92150"},{"taxonomy":"product_tag","embeddable":true,"href":"https:\/\/www.keramika.com\/srbija\/wp-json\/wp\/v2\/product_tag?post=92150"}],"curies":[{"name":"wp","href":"https:\/\/api.w.org\/{rel}","templated":true}]}}