{"id":92148,"date":"2017-07-02T01:09:55","date_gmt":"2017-07-02T01:09:55","guid":{"rendered":"http:\/\/www.ceramictiles.com\/srbija\/product\/podne-i-zidne-plocice-cinca-luxor-pearl\/"},"modified":"2026-01-02T00:03:07","modified_gmt":"2026-01-02T00:03:07","slug":"podne-i-zidne-plocice-cinca-luxor-pearl","status":"publish","type":"product","link":"https:\/\/www.keramika.com\/srbija\/podne-i-zidne-plocice-cinca-luxor-pearl\/","title":{"rendered":"Podne i zidne plo\u010dice Cinca Luxor Pearl"},"content":{"rendered":"<p>Cinca Luxor Pearl dolazi iz Portugala, koja je poznata po vrlo visokoj kvaliteta keramike u svetu. Veli\u010dina ove plo\u010dice je 25&#215;55 cm. Plo\u010dica je debela 8 mm, \u0161to je ubraja u tvrde plo\u010dice. Ove bele kerami\u010dke plo\u010dice, obogatit \u0107e svaki prostor. Cinca Luxor Pearl je dostupna po vrlo povoljnim cenama 2535,75 RSD.<\/p>\n<p>Kliknite na ime serije za sve plo\u010dice u toj seriji: <a class=\"pdfcatal\" href=\"\/\/www.ceramictiles.com\/pdf\/cinca\/catalogue_cinca_luxor.pdf\" onclick=\"recordOutboundLink(this, 'E-mail', 'Description PDF');return false;\">Cinca Luxor<\/a><\/p>\n<p>Da bi naru\u010dili model iz PDF kataloga ove serije, molimo vas, da nas kontaktirate na: <a href=\"mailto:zo_mi@ceramictiles.com\" onclick=\"recordOutboundLink(this, 'E-mail', 'Description mail');return false;\">zo_mi@ceramictiles.com<\/a> ili nas pozovite na: For exact offer, PLS send us quantity and product you need with delivery address..<\/p>\n<p>Technical description: <br \/> W &#038; F 25&#215;55 ; 33&#215;33 <br \/>Luxor P\u00e9rola ; Luxor Castanho ; Luxor Cinza ; Luxor Antracite ;<\/p>\n","protected":false},"excerpt":{"rendered":"<p>Cinca Luxor Pearl dolazi iz Portugala, koja je poznata po vrlo visokoj kvaliteta keramike u svetu. Veli\u010dina ove plo\u010dice je 25&#215;55 cm. Plo\u010dica je debela 8 mm, \u0161to je ubraja u tvrde plo\u010dice. Ove bele kerami\u010dke plo\u010dice, obogatit \u0107e svaki prostor. Cinca Luxor Pearl je dostupna po vrlo povoljnim cenama 2535,75 RSD. Kliknite na ime [&hellip;]<\/p>\n","protected":false},"featured_media":92149,"template":"","meta":[],"product_cat":[999968,200,220,999,250],"product_tag":[],"_links":{"self":[{"href":"https:\/\/www.keramika.com\/srbija\/wp-json\/wp\/v2\/product\/92148"}],"collection":[{"href":"https:\/\/www.keramika.com\/srbija\/wp-json\/wp\/v2\/product"}],"about":[{"href":"https:\/\/www.keramika.com\/srbija\/wp-json\/wp\/v2\/types\/product"}],"wp:featuredmedia":[{"embeddable":true,"href":"https:\/\/www.keramika.com\/srbija\/wp-json\/wp\/v2\/media\/92149"}],"wp:attachment":[{"href":"https:\/\/www.keramika.com\/srbija\/wp-json\/wp\/v2\/media?parent=92148"}],"wp:term":[{"taxonomy":"product_cat","embeddable":true,"href":"https:\/\/www.keramika.com\/srbija\/wp-json\/wp\/v2\/product_cat?post=92148"},{"taxonomy":"product_tag","embeddable":true,"href":"https:\/\/www.keramika.com\/srbija\/wp-json\/wp\/v2\/product_tag?post=92148"}],"curies":[{"name":"wp","href":"https:\/\/api.w.org\/{rel}","templated":true}]}}