{"id":92142,"date":"2017-07-02T01:08:56","date_gmt":"2017-07-02T01:08:56","guid":{"rendered":"http:\/\/www.ceramictiles.com\/srbija\/product\/keramika-imitacija-drveta-cinca-imagine-wengue\/"},"modified":"2026-01-02T00:03:07","modified_gmt":"2026-01-02T00:03:07","slug":"keramika-imitacija-drveta-cinca-imagine-wengue","status":"publish","type":"product","link":"https:\/\/www.keramika.com\/srbija\/keramika-imitacija-drveta-cinca-imagine-wengue\/","title":{"rendered":"Keramika imitacija drveta Cinca Imagine Wengue"},"content":{"rendered":"<p>Veli\u010dina ove plo\u010dice je 16&#215;99 cm. Ove plo\u010dice dolaze od proizvo\u0111a\u010da Cinca, iz Portugala. Redovna cena, ovih plo\u010dica u maloprodaji je 8021,25 RSD. U na\u0161oj online trgovini, je mo\u017eete kupiti za 6417 RSD. Plo\u010dice braon boje, su letos izuzetno tre\u017eene. Debljina 11 mm \u010dini plo\u010dicu vrlo izdr\u017eljivom i prijatnom na dodir.<\/p>\n<p>Kliknite na ime serije za sve plo\u010dice u toj seriji: <a class=\"pdfcatal\" href=\"\/\/www.ceramictiles.com\/pdf\/cinca\/catalogue_cinca_imagine.pdf\" onclick=\"recordOutboundLink(this, 'E-mail', 'Description PDF');return false;\">Cinca Imagine<\/a><\/p>\n<p>Da bi naru\u010dili model iz PDF kataloga ove serije, molimo vas, da nas kontaktirate na: <a href=\"mailto:zo_mi@ceramictiles.com\" onclick=\"recordOutboundLink(this, 'E-mail', 'Description mail');return false;\">zo_mi@ceramictiles.com<\/a> ili nas pozovite na: For exact offer, PLS send us quantity and product you need with delivery address..<\/p>\n<p>Technical description: <br \/> F 16&#215;99 <br \/>Imagine Carvalho ; Imagine Carvalho Branco ; Imagine Zebrano ; Imagine Wengu\u00e9 ;<\/p>\n","protected":false},"excerpt":{"rendered":"<p>Veli\u010dina ove plo\u010dice je 16&#215;99 cm. Ove plo\u010dice dolaze od proizvo\u0111a\u010da Cinca, iz Portugala. Redovna cena, ovih plo\u010dica u maloprodaji je 8021,25 RSD. U na\u0161oj online trgovini, je mo\u017eete kupiti za 6417 RSD. Plo\u010dice braon boje, su letos izuzetno tre\u017eene. Debljina 11 mm \u010dini plo\u010dicu vrlo izdr\u017eljivom i prijatnom na dodir. Kliknite na ime serije [&hellip;]<\/p>\n","protected":false},"featured_media":92143,"template":"","meta":[],"product_cat":[999968,200,240,999,290],"product_tag":[99950095],"_links":{"self":[{"href":"https:\/\/www.keramika.com\/srbija\/wp-json\/wp\/v2\/product\/92142"}],"collection":[{"href":"https:\/\/www.keramika.com\/srbija\/wp-json\/wp\/v2\/product"}],"about":[{"href":"https:\/\/www.keramika.com\/srbija\/wp-json\/wp\/v2\/types\/product"}],"wp:featuredmedia":[{"embeddable":true,"href":"https:\/\/www.keramika.com\/srbija\/wp-json\/wp\/v2\/media\/92143"}],"wp:attachment":[{"href":"https:\/\/www.keramika.com\/srbija\/wp-json\/wp\/v2\/media?parent=92142"}],"wp:term":[{"taxonomy":"product_cat","embeddable":true,"href":"https:\/\/www.keramika.com\/srbija\/wp-json\/wp\/v2\/product_cat?post=92142"},{"taxonomy":"product_tag","embeddable":true,"href":"https:\/\/www.keramika.com\/srbija\/wp-json\/wp\/v2\/product_tag?post=92142"}],"curies":[{"name":"wp","href":"https:\/\/api.w.org\/{rel}","templated":true}]}}