{"id":92138,"date":"2017-07-02T01:08:21","date_gmt":"2017-07-02T01:08:21","guid":{"rendered":"http:\/\/www.ceramictiles.com\/srbija\/product\/porcelanske-plocice-cinca-illusion-ruby\/"},"modified":"2026-01-02T00:03:06","modified_gmt":"2026-01-02T00:03:06","slug":"porcelanske-plocice-cinca-illusion-ruby","status":"publish","type":"product","link":"https:\/\/www.keramika.com\/srbija\/porcelanske-plocice-cinca-illusion-ruby\/","title":{"rendered":"Porcelanske plo\u010dice Cinca Illusion Ruby"},"content":{"rendered":"<p>Ove plo\u010dice dolaze od proizvo\u0111a\u010da Cinca, iz Portugala. Plo\u010dice crvene boje, su letos izuzetno tre\u017eene. Ova plo\u010dica je debela 10 mm i zato je izuzetno izdr\u017eljiva. U maloprodaji bi morali za tu plo\u010dicu platiti 8021,25 RSD, online cena je samo 6417 RSD. Plo\u010dica na sliki je 30&#215;60 cm.<\/p>\n<p>Kliknite na ime serije za sve plo\u010dice u toj seriji: <a class=\"pdfcatal\" href=\"\/\/www.ceramictiles.com\/pdf\/cinca\/catalogue_cinca_illusion.pdf\" onclick=\"recordOutboundLink(this, 'E-mail', 'Description PDF');return false;\">Cinca Illusion<\/a><\/p>\n<p>Da bi naru\u010dili model iz PDF kataloga ove serije, molimo vas, da nas kontaktirate na: <a href=\"mailto:zo_mi@ceramictiles.com\" onclick=\"recordOutboundLink(this, 'E-mail', 'Description mail');return false;\">zo_mi@ceramictiles.com<\/a> ili nas pozovite na: For exact offer, PLS send us quantity and product you need with delivery address..<\/p>\n<p>Technical description: <br \/> W &#038; F 60&#215;60 ; 30&#215;60 ; 15&#215;60 <br \/>Illusion Cinza ; Illusion Preto ; Illusion Azul Pr\u00fassia ; Illusion Bege ; Illusion Rubi ;<\/p>\n","protected":false},"excerpt":{"rendered":"<p>Ove plo\u010dice dolaze od proizvo\u0111a\u010da Cinca, iz Portugala. Plo\u010dice crvene boje, su letos izuzetno tre\u017eene. Ova plo\u010dica je debela 10 mm i zato je izuzetno izdr\u017eljiva. U maloprodaji bi morali za tu plo\u010dicu platiti 8021,25 RSD, online cena je samo 6417 RSD. Plo\u010dica na sliki je 30&#215;60 cm. Kliknite na ime serije za sve plo\u010dice [&hellip;]<\/p>\n","protected":false},"featured_media":92139,"template":"","meta":[],"product_cat":[999968,200,220,999,250],"product_tag":[],"_links":{"self":[{"href":"https:\/\/www.keramika.com\/srbija\/wp-json\/wp\/v2\/product\/92138"}],"collection":[{"href":"https:\/\/www.keramika.com\/srbija\/wp-json\/wp\/v2\/product"}],"about":[{"href":"https:\/\/www.keramika.com\/srbija\/wp-json\/wp\/v2\/types\/product"}],"wp:featuredmedia":[{"embeddable":true,"href":"https:\/\/www.keramika.com\/srbija\/wp-json\/wp\/v2\/media\/92139"}],"wp:attachment":[{"href":"https:\/\/www.keramika.com\/srbija\/wp-json\/wp\/v2\/media?parent=92138"}],"wp:term":[{"taxonomy":"product_cat","embeddable":true,"href":"https:\/\/www.keramika.com\/srbija\/wp-json\/wp\/v2\/product_cat?post=92138"},{"taxonomy":"product_tag","embeddable":true,"href":"https:\/\/www.keramika.com\/srbija\/wp-json\/wp\/v2\/product_tag?post=92138"}],"curies":[{"name":"wp","href":"https:\/\/api.w.org\/{rel}","templated":true}]}}