{"id":92132,"date":"2017-07-02T01:07:28","date_gmt":"2017-07-02T01:07:28","guid":{"rendered":"http:\/\/www.ceramictiles.com\/srbija\/product\/keramika-za-terase-cinca-highlander-beige\/"},"modified":"2026-01-02T00:03:05","modified_gmt":"2026-01-02T00:03:05","slug":"keramika-za-terase-cinca-highlander-beige","status":"publish","type":"product","link":"https:\/\/www.keramika.com\/srbija\/keramika-za-terase-cinca-highlander-beige\/","title":{"rendered":"Keramika za terase Cinca Highlander Beige"},"content":{"rendered":"<p>Proizvodnja Portugala ,koja je poznata u svetu, kao jedana od najboljih proizvo\u0111a\u010da kerami\u010dkih plo\u010dica. Plo\u010dice be\u017e boje osvje\u017eit \u0107e svaki prostor. Veli\u010dina ove plo\u010dice je 50&#215;50 cm. 10 mm debljine je dovoljno za zahtevnije kupce. Redovna cena, ovih plo\u010dica u maloprodaji je 4197,5 RSD. U na\u0161oj online trgovini, je mo\u017eete kupiti za 3358 RSD.<\/p>\n<p>Kliknite na ime serije za sve plo\u010dice u toj seriji: <a class=\"pdfcatal\" href=\"\/\/www.ceramictiles.com\/pdf\/cinca\/catalogue_cinca_highlander.pdf\" onclick=\"recordOutboundLink(this, 'E-mail', 'Description PDF');return false;\">Cinca Highlander<\/a><\/p>\n<p>Da bi naru\u010dili model iz PDF kataloga ove serije, molimo vas, da nas kontaktirate na: <a href=\"mailto:zo_mi@ceramictiles.com\" onclick=\"recordOutboundLink(this, 'E-mail', 'Description mail');return false;\">zo_mi@ceramictiles.com<\/a> ili nas pozovite na: For exact offer, PLS send us quantity and product you need with delivery address..<\/p>\n<p>Technical description: <br \/> F 49&#215;99 ; 50&#215;50 <br \/>Highlander Bege ; Highlander Antracite ;<\/p>\n","protected":false},"excerpt":{"rendered":"<p>Proizvodnja Portugala ,koja je poznata u svetu, kao jedana od najboljih proizvo\u0111a\u010da kerami\u010dkih plo\u010dica. Plo\u010dice be\u017e boje osvje\u017eit \u0107e svaki prostor. Veli\u010dina ove plo\u010dice je 50&#215;50 cm. 10 mm debljine je dovoljno za zahtevnije kupce. Redovna cena, ovih plo\u010dica u maloprodaji je 4197,5 RSD. U na\u0161oj online trgovini, je mo\u017eete kupiti za 3358 RSD. Kliknite [&hellip;]<\/p>\n","protected":false},"featured_media":92133,"template":"","meta":[],"product_cat":[999968,200,280,999,270],"product_tag":[99950091],"_links":{"self":[{"href":"https:\/\/www.keramika.com\/srbija\/wp-json\/wp\/v2\/product\/92132"}],"collection":[{"href":"https:\/\/www.keramika.com\/srbija\/wp-json\/wp\/v2\/product"}],"about":[{"href":"https:\/\/www.keramika.com\/srbija\/wp-json\/wp\/v2\/types\/product"}],"wp:featuredmedia":[{"embeddable":true,"href":"https:\/\/www.keramika.com\/srbija\/wp-json\/wp\/v2\/media\/92133"}],"wp:attachment":[{"href":"https:\/\/www.keramika.com\/srbija\/wp-json\/wp\/v2\/media?parent=92132"}],"wp:term":[{"taxonomy":"product_cat","embeddable":true,"href":"https:\/\/www.keramika.com\/srbija\/wp-json\/wp\/v2\/product_cat?post=92132"},{"taxonomy":"product_tag","embeddable":true,"href":"https:\/\/www.keramika.com\/srbija\/wp-json\/wp\/v2\/product_tag?post=92132"}],"curies":[{"name":"wp","href":"https:\/\/api.w.org\/{rel}","templated":true}]}}