{"id":92130,"date":"2017-07-02T01:07:14","date_gmt":"2017-07-02T01:07:14","guid":{"rendered":"http:\/\/www.ceramictiles.com\/srbija\/product\/podne-i-zidne-plocice-cinca-helena-beige\/"},"modified":"2026-01-02T00:03:05","modified_gmt":"2026-01-02T00:03:05","slug":"podne-i-zidne-plocice-cinca-helena-beige","status":"publish","type":"product","link":"https:\/\/www.keramika.com\/srbija\/podne-i-zidne-plocice-cinca-helena-beige\/","title":{"rendered":"Podne i zidne plo\u010dice Cinca Helena Beige"},"content":{"rendered":"<p>2839,35 RSD je redovna prodajna cena keramike, tu pa samo 2271,25 RSD. Plo\u010dice dolaze iz Portugala, koja je poznata po kvalitetnoj keramiki. Veli\u010dina plo\u010dice je 33&#215;33 cm i odli\u010dna je za razli\u010dite povr\u0161ine. Ova plo\u010dica je debela 8 mm i zato je izuzetno izdr\u017eljiva. Izuzetno moderne plo\u010dice be\u017e boje, osve\u017eit \u0107e svaki prostor.<\/p>\n<p>Kliknite na ime serije za sve plo\u010dice u toj seriji: <a class=\"pdfcatal\" href=\"\/\/www.ceramictiles.com\/pdf\/cinca\/catalogue_cinca_helena.pdf\" onclick=\"recordOutboundLink(this, 'E-mail', 'Description PDF');return false;\">Cinca Helena<\/a><\/p>\n<p>Da bi naru\u010dili model iz PDF kataloga ove serije, molimo vas, da nas kontaktirate na: <a href=\"mailto:zo_mi@ceramictiles.com\" onclick=\"recordOutboundLink(this, 'E-mail', 'Description mail');return false;\">zo_mi@ceramictiles.com<\/a> ili nas pozovite na: For exact offer, PLS send us quantity and product you need with delivery address..<\/p>\n<p>Technical description: <br \/> W &#038; F 25&#215;45 ; 33&#215;33 <br \/>Helena P\u00e9rola ; Helena Bege ; Helena Cinza ; Helena Antracite ; Helena Verde Claro ; Helena Verde Escuro ;<\/p>\n","protected":false},"excerpt":{"rendered":"<p>2839,35 RSD je redovna prodajna cena keramike, tu pa samo 2271,25 RSD. Plo\u010dice dolaze iz Portugala, koja je poznata po kvalitetnoj keramiki. Veli\u010dina plo\u010dice je 33&#215;33 cm i odli\u010dna je za razli\u010dite povr\u0161ine. Ova plo\u010dica je debela 8 mm i zato je izuzetno izdr\u017eljiva. Izuzetno moderne plo\u010dice be\u017e boje, osve\u017eit \u0107e svaki prostor. Kliknite na [&hellip;]<\/p>\n","protected":false},"featured_media":92131,"template":"","meta":[],"product_cat":[999968,200,220,240,999],"product_tag":[],"_links":{"self":[{"href":"https:\/\/www.keramika.com\/srbija\/wp-json\/wp\/v2\/product\/92130"}],"collection":[{"href":"https:\/\/www.keramika.com\/srbija\/wp-json\/wp\/v2\/product"}],"about":[{"href":"https:\/\/www.keramika.com\/srbija\/wp-json\/wp\/v2\/types\/product"}],"wp:featuredmedia":[{"embeddable":true,"href":"https:\/\/www.keramika.com\/srbija\/wp-json\/wp\/v2\/media\/92131"}],"wp:attachment":[{"href":"https:\/\/www.keramika.com\/srbija\/wp-json\/wp\/v2\/media?parent=92130"}],"wp:term":[{"taxonomy":"product_cat","embeddable":true,"href":"https:\/\/www.keramika.com\/srbija\/wp-json\/wp\/v2\/product_cat?post=92130"},{"taxonomy":"product_tag","embeddable":true,"href":"https:\/\/www.keramika.com\/srbija\/wp-json\/wp\/v2\/product_tag?post=92130"}],"curies":[{"name":"wp","href":"https:\/\/api.w.org\/{rel}","templated":true}]}}