{"id":92128,"date":"2017-07-02T01:06:57","date_gmt":"2017-07-02T01:06:57","guid":{"rendered":"http:\/\/www.ceramictiles.com\/srbija\/product\/podne-i-zidne-plocice-cinca-halley-preto\/"},"modified":"2026-01-02T00:03:04","modified_gmt":"2026-01-02T00:03:04","slug":"podne-i-zidne-plocice-cinca-halley-preto","status":"publish","type":"product","link":"https:\/\/www.keramika.com\/srbija\/podne-i-zidne-plocice-cinca-halley-preto\/","title":{"rendered":"Podne i zidne plo\u010dice Cinca Halley Preto"},"content":{"rendered":"<p>Online cena je samo 4634,5 RSD, dok redovna, maloprodajna cena 5793,7 RSD. Dimenzije ovih plo\u010dica su 32&#215;55 cm. 10 mm debljina \u0107e zadovoljiti i najzahtevnije kupce. Plo\u010dice braon boje osvje\u017eit \u0107e svaki prostor. Ove plo\u010dice dolaze od proizvo\u0111a\u010da Cinca, iz Portugala.<\/p>\n<p>Kliknite na ime serije za sve plo\u010dice u toj seriji: <a class=\"pdfcatal\" href=\"\/\/www.ceramictiles.com\/pdf\/cinca\/catalogue_cinca_halley.pdf\" onclick=\"recordOutboundLink(this, 'E-mail', 'Description PDF');return false;\">Cinca Halley<\/a><\/p>\n<p>Da bi naru\u010dili model iz PDF kataloga ove serije, molimo vas, da nas kontaktirate na: <a href=\"mailto:zo_mi@ceramictiles.com\" onclick=\"recordOutboundLink(this, 'E-mail', 'Description mail');return false;\">zo_mi@ceramictiles.com<\/a> ili nas pozovite na: For exact offer, PLS send us quantity and product you need with delivery address..<\/p>\n<p>Technical description: <br \/> W &#038; F 32&#215;55 ; 32&#215;32 <br \/>Halley Marfim ; Halley Preto ;<\/p>\n","protected":false},"excerpt":{"rendered":"<p>Online cena je samo 4634,5 RSD, dok redovna, maloprodajna cena 5793,7 RSD. Dimenzije ovih plo\u010dica su 32&#215;55 cm. 10 mm debljina \u0107e zadovoljiti i najzahtevnije kupce. Plo\u010dice braon boje osvje\u017eit \u0107e svaki prostor. Ove plo\u010dice dolaze od proizvo\u0111a\u010da Cinca, iz Portugala. Kliknite na ime serije za sve plo\u010dice u toj seriji: Cinca Halley Da bi [&hellip;]<\/p>\n","protected":false},"featured_media":92129,"template":"","meta":[],"product_cat":[999968,200,220,999,250],"product_tag":[],"_links":{"self":[{"href":"https:\/\/www.keramika.com\/srbija\/wp-json\/wp\/v2\/product\/92128"}],"collection":[{"href":"https:\/\/www.keramika.com\/srbija\/wp-json\/wp\/v2\/product"}],"about":[{"href":"https:\/\/www.keramika.com\/srbija\/wp-json\/wp\/v2\/types\/product"}],"wp:featuredmedia":[{"embeddable":true,"href":"https:\/\/www.keramika.com\/srbija\/wp-json\/wp\/v2\/media\/92129"}],"wp:attachment":[{"href":"https:\/\/www.keramika.com\/srbija\/wp-json\/wp\/v2\/media?parent=92128"}],"wp:term":[{"taxonomy":"product_cat","embeddable":true,"href":"https:\/\/www.keramika.com\/srbija\/wp-json\/wp\/v2\/product_cat?post=92128"},{"taxonomy":"product_tag","embeddable":true,"href":"https:\/\/www.keramika.com\/srbija\/wp-json\/wp\/v2\/product_tag?post=92128"}],"curies":[{"name":"wp","href":"https:\/\/api.w.org\/{rel}","templated":true}]}}