{"id":92126,"date":"2017-07-02T01:06:35","date_gmt":"2017-07-02T01:06:35","guid":{"rendered":"http:\/\/www.ceramictiles.com\/srbija\/product\/projekt-plocice-cinca-granitdur-rosa\/"},"modified":"2026-01-02T00:03:04","modified_gmt":"2026-01-02T00:03:04","slug":"projekt-plocice-cinca-granitdur-rosa","status":"publish","type":"product","link":"https:\/\/www.keramika.com\/srbija\/projekt-plocice-cinca-granitdur-rosa\/","title":{"rendered":"Projekt plo\u010dice Cinca Granitdur Rosa"},"content":{"rendered":"<p>Debljina 8 mm \u010dini plo\u010dicu vrlo izdr\u017eljivom i prijatnom na dodir. Cinca Granitdur Rosa je proizvod iz Portugala te je izuzetno kvalitetna. Izuzetno moderne plo\u010dice roze boje, osve\u017eit \u0107e svaki prostor. Umesto 3335 RSD \u0161to je redovna maloprodajna cena keramike, u na\u0161oj online prodavnici, je mo\u017eete dobiti za samo 2668 RSD. Veli\u010dina plo\u010dice je 33&#215;33 cm i odli\u010dna je za razli\u010dite povr\u0161ine.<\/p>\n<p>Kliknite na ime serije za sve plo\u010dice u toj seriji: <a class=\"pdfcatal\" href=\"\/\/www.ceramictiles.com\/pdf\/cinca\/catalogue_cinca_granitdur.pdf\" onclick=\"recordOutboundLink(this, 'E-mail', 'Description PDF');return false;\">Cinca Granitdur<\/a><\/p>\n<p>Da bi naru\u010dili model iz PDF kataloga ove serije, molimo vas, da nas kontaktirate na: <a href=\"mailto:zo_mi@ceramictiles.com\" onclick=\"recordOutboundLink(this, 'E-mail', 'Description mail');return false;\">zo_mi@ceramictiles.com<\/a> ili nas pozovite na: For exact offer, PLS send us quantity and product you need with delivery address..<\/p>\n<p>Technical description: <br \/> F 33&#215;33  <br \/>Granitdur Jasmim ; Granitdur Jasmim Granitado ; Granitdur Bege ; Granitdur Bege Granitado ; Granitdur Bege Areia ; Granitdur Bege Areia Granitado ; Granitdur Branco ; Granitdur Branco Granitado ; Granitdur Cinza M\u00e9dio ; Granitdur Cinza M\u00e9dio Granitado ; Granitdur Cinza Prata ; Granitdur Cinza Prata Granitado ; Granitdur Rosa ; Granitdur Rosa Granitado ; Granitdur Verde ; Granitdur Verde Granitado ;<\/p>\n","protected":false},"excerpt":{"rendered":"<p>Debljina 8 mm \u010dini plo\u010dicu vrlo izdr\u017eljivom i prijatnom na dodir. Cinca Granitdur Rosa je proizvod iz Portugala te je izuzetno kvalitetna. Izuzetno moderne plo\u010dice roze boje, osve\u017eit \u0107e svaki prostor. Umesto 3335 RSD \u0161to je redovna maloprodajna cena keramike, u na\u0161oj online prodavnici, je mo\u017eete dobiti za samo 2668 RSD. Veli\u010dina plo\u010dice je 33&#215;33 [&hellip;]<\/p>\n","protected":false},"featured_media":92127,"template":"","meta":[],"product_cat":[999968,200,240,999,290,270],"product_tag":[],"_links":{"self":[{"href":"https:\/\/www.keramika.com\/srbija\/wp-json\/wp\/v2\/product\/92126"}],"collection":[{"href":"https:\/\/www.keramika.com\/srbija\/wp-json\/wp\/v2\/product"}],"about":[{"href":"https:\/\/www.keramika.com\/srbija\/wp-json\/wp\/v2\/types\/product"}],"wp:featuredmedia":[{"embeddable":true,"href":"https:\/\/www.keramika.com\/srbija\/wp-json\/wp\/v2\/media\/92127"}],"wp:attachment":[{"href":"https:\/\/www.keramika.com\/srbija\/wp-json\/wp\/v2\/media?parent=92126"}],"wp:term":[{"taxonomy":"product_cat","embeddable":true,"href":"https:\/\/www.keramika.com\/srbija\/wp-json\/wp\/v2\/product_cat?post=92126"},{"taxonomy":"product_tag","embeddable":true,"href":"https:\/\/www.keramika.com\/srbija\/wp-json\/wp\/v2\/product_tag?post=92126"}],"curies":[{"name":"wp","href":"https:\/\/api.w.org\/{rel}","templated":true}]}}