{"id":92124,"date":"2017-07-02T01:06:16","date_gmt":"2017-07-02T01:06:16","guid":{"rendered":"http:\/\/www.ceramictiles.com\/srbija\/product\/plocice-za-kupatilo-cinca-genesis-anthracite\/"},"modified":"2026-01-02T00:03:03","modified_gmt":"2026-01-02T00:03:03","slug":"plocice-za-kupatilo-cinca-genesis-anthracite","status":"publish","type":"product","link":"https:\/\/www.keramika.com\/srbija\/plocice-za-kupatilo-cinca-genesis-anthracite\/","title":{"rendered":"Plo\u010dice za kupatilo Cinca Genesis Anthracite"},"content":{"rendered":"<p>Plo\u010dice crne boje osvje\u017eit \u0107e svaki prostor. 8 mm debljina \u0107e zadovoljiti i najzahtevnije kupce. Proizvodnja Portugala ,koja je poznata u svetu, kao jedana od najboljih proizvo\u0111a\u010da kerami\u010dkih plo\u010dica. Cinca Genesis Anthracite je dostupna po vrlo povoljnim cenama 4634,5 RSD. Veli\u010dina ove plo\u010dice je 32&#215;32 cm.<\/p>\n<p>Kliknite na ime serije za sve plo\u010dice u toj seriji: <a class=\"pdfcatal\" href=\"\/\/www.ceramictiles.com\/pdf\/cinca\/catalogue_cinca_genesis.pdf\" onclick=\"recordOutboundLink(this, 'E-mail', 'Description PDF');return false;\">Cinca Genesis<\/a><\/p>\n<p>Da bi naru\u010dili model iz PDF kataloga ove serije, molimo vas, da nas kontaktirate na: <a href=\"mailto:zo_mi@ceramictiles.com\" onclick=\"recordOutboundLink(this, 'E-mail', 'Description mail');return false;\">zo_mi@ceramictiles.com<\/a> ili nas pozovite na: For exact offer, PLS send us quantity and product you need with delivery address..<\/p>\n<p>Technical description: <br \/> W &#038; F 32&#215;55 ; 32&#215;32 <br \/>Genesis Cinza ; Genesis Antracite ; Genesis Bege ; Genesis Bronze ;<\/p>\n","protected":false},"excerpt":{"rendered":"<p>Plo\u010dice crne boje osvje\u017eit \u0107e svaki prostor. 8 mm debljina \u0107e zadovoljiti i najzahtevnije kupce. Proizvodnja Portugala ,koja je poznata u svetu, kao jedana od najboljih proizvo\u0111a\u010da kerami\u010dkih plo\u010dica. Cinca Genesis Anthracite je dostupna po vrlo povoljnim cenama 4634,5 RSD. Veli\u010dina ove plo\u010dice je 32&#215;32 cm. Kliknite na ime serije za sve plo\u010dice u toj [&hellip;]<\/p>\n","protected":false},"featured_media":92125,"template":"","meta":[],"product_cat":[999968,200,230,240,999],"product_tag":[],"_links":{"self":[{"href":"https:\/\/www.keramika.com\/srbija\/wp-json\/wp\/v2\/product\/92124"}],"collection":[{"href":"https:\/\/www.keramika.com\/srbija\/wp-json\/wp\/v2\/product"}],"about":[{"href":"https:\/\/www.keramika.com\/srbija\/wp-json\/wp\/v2\/types\/product"}],"wp:featuredmedia":[{"embeddable":true,"href":"https:\/\/www.keramika.com\/srbija\/wp-json\/wp\/v2\/media\/92125"}],"wp:attachment":[{"href":"https:\/\/www.keramika.com\/srbija\/wp-json\/wp\/v2\/media?parent=92124"}],"wp:term":[{"taxonomy":"product_cat","embeddable":true,"href":"https:\/\/www.keramika.com\/srbija\/wp-json\/wp\/v2\/product_cat?post=92124"},{"taxonomy":"product_tag","embeddable":true,"href":"https:\/\/www.keramika.com\/srbija\/wp-json\/wp\/v2\/product_tag?post=92124"}],"curies":[{"name":"wp","href":"https:\/\/api.w.org\/{rel}","templated":true}]}}