{"id":92120,"date":"2017-07-02T01:05:45","date_gmt":"2017-07-02T01:05:45","guid":{"rendered":"http:\/\/www.ceramictiles.com\/srbija\/product\/zidne-plocice-cinca-franklin-preto\/"},"modified":"2026-01-02T00:03:02","modified_gmt":"2026-01-02T00:03:02","slug":"zidne-plocice-cinca-franklin-preto","status":"publish","type":"product","link":"https:\/\/www.keramika.com\/srbija\/zidne-plocice-cinca-franklin-preto\/","title":{"rendered":"Zidne plo\u010dice Cinca Franklin Preto"},"content":{"rendered":"<p>Ove crne kerami\u010dke plo\u010dice, obogatit \u0107e svaki prostor. 8 mm debljine je dovoljno za zahtevnije kupce. Veli\u010dina ove plo\u010dice je 25&#215;55 cm. U maloprodaji bi morali za tu plo\u010dicu platiti 3636,3 RSD, online cena je samo 2909,5 RSD. Cinca Franklin Preto je proizvod iz Portugala te je izuzetno kvalitetna.<\/p>\n<p>Kliknite na ime serije za sve plo\u010dice u toj seriji: <a class=\"pdfcatal\" href=\"\/\/www.ceramictiles.com\/pdf\/cinca\/catalogue_cinca_franklin.pdf\" onclick=\"recordOutboundLink(this, 'E-mail', 'Description PDF');return false;\">Cinca Franklin<\/a><\/p>\n<p>Da bi naru\u010dili model iz PDF kataloga ove serije, molimo vas, da nas kontaktirate na: <a href=\"mailto:zo_mi@ceramictiles.com\" onclick=\"recordOutboundLink(this, 'E-mail', 'Description mail');return false;\">zo_mi@ceramictiles.com<\/a> ili nas pozovite na: For exact offer, PLS send us quantity and product you need with delivery address..<\/p>\n<p>Technical description: <br \/> W 25&#215;55  <br \/>Franklin Preto ;<\/p>\n","protected":false},"excerpt":{"rendered":"<p>Ove crne kerami\u010dke plo\u010dice, obogatit \u0107e svaki prostor. 8 mm debljine je dovoljno za zahtevnije kupce. Veli\u010dina ove plo\u010dice je 25&#215;55 cm. U maloprodaji bi morali za tu plo\u010dicu platiti 3636,3 RSD, online cena je samo 2909,5 RSD. Cinca Franklin Preto je proizvod iz Portugala te je izuzetno kvalitetna. Kliknite na ime serije za sve [&hellip;]<\/p>\n","protected":false},"featured_media":92121,"template":"","meta":[],"product_cat":[999968,200,220,999,250],"product_tag":[],"_links":{"self":[{"href":"https:\/\/www.keramika.com\/srbija\/wp-json\/wp\/v2\/product\/92120"}],"collection":[{"href":"https:\/\/www.keramika.com\/srbija\/wp-json\/wp\/v2\/product"}],"about":[{"href":"https:\/\/www.keramika.com\/srbija\/wp-json\/wp\/v2\/types\/product"}],"wp:featuredmedia":[{"embeddable":true,"href":"https:\/\/www.keramika.com\/srbija\/wp-json\/wp\/v2\/media\/92121"}],"wp:attachment":[{"href":"https:\/\/www.keramika.com\/srbija\/wp-json\/wp\/v2\/media?parent=92120"}],"wp:term":[{"taxonomy":"product_cat","embeddable":true,"href":"https:\/\/www.keramika.com\/srbija\/wp-json\/wp\/v2\/product_cat?post=92120"},{"taxonomy":"product_tag","embeddable":true,"href":"https:\/\/www.keramika.com\/srbija\/wp-json\/wp\/v2\/product_tag?post=92120"}],"curies":[{"name":"wp","href":"https:\/\/api.w.org\/{rel}","templated":true}]}}