{"id":92114,"date":"2017-07-02T01:04:48","date_gmt":"2017-07-02T01:04:48","guid":{"rendered":"http:\/\/www.ceramictiles.com\/srbija\/product\/porcelanske-plocice-cinca-flash-dark-silver\/"},"modified":"2026-01-02T00:03:01","modified_gmt":"2026-01-02T00:03:01","slug":"porcelanske-plocice-cinca-flash-dark-silver","status":"publish","type":"product","link":"https:\/\/www.keramika.com\/srbija\/porcelanske-plocice-cinca-flash-dark-silver\/","title":{"rendered":"Porcelanske plo\u010dice Cinca Flash Dark Silver"},"content":{"rendered":"<p>Ova plo\u010dica je debela 10 mm i zato je izuzetno izdr\u017eljiva. Proizvodnja Portugala ,koja je poznata u svetu, kao jedana od najboljih proizvo\u0111a\u010da kerami\u010dkih plo\u010dica. Redovna cena, ovih plo\u010dica u maloprodaji je 5161,2 RSD. U na\u0161oj online trgovini, je mo\u017eete kupiti za 4128,5 RSD. Plo\u010dice srebrne boje osvje\u017eit \u0107e svaki prostor. Veli\u010dina 50&#215;50 cm je odli\u010dna za sve podloge.<\/p>\n<p>Kliknite na ime serije za sve plo\u010dice u toj seriji: <a class=\"pdfcatal\" href=\"\/\/www.ceramictiles.com\/pdf\/cinca\/catalogue_cinca_flash.pdf\" onclick=\"recordOutboundLink(this, 'E-mail', 'Description PDF');return false;\">Cinca Flash<\/a><\/p>\n<p>Da bi naru\u010dili model iz PDF kataloga ove serije, molimo vas, da nas kontaktirate na: <a href=\"mailto:zo_mi@ceramictiles.com\" onclick=\"recordOutboundLink(this, 'E-mail', 'Description mail');return false;\">zo_mi@ceramictiles.com<\/a> ili nas pozovite na: For exact offer, PLS send us quantity and product you need with delivery address..<\/p>\n<p>Technical description: <br \/> W &#038; F 49&#215;49 ; 24,5&#215;49 ; 50&#215;50 <br \/>Flash Prata Escuro ; Flash Prata ;<\/p>\n","protected":false},"excerpt":{"rendered":"<p>Ova plo\u010dica je debela 10 mm i zato je izuzetno izdr\u017eljiva. Proizvodnja Portugala ,koja je poznata u svetu, kao jedana od najboljih proizvo\u0111a\u010da kerami\u010dkih plo\u010dica. Redovna cena, ovih plo\u010dica u maloprodaji je 5161,2 RSD. U na\u0161oj online trgovini, je mo\u017eete kupiti za 4128,5 RSD. Plo\u010dice srebrne boje osvje\u017eit \u0107e svaki prostor. Veli\u010dina 50&#215;50 cm je [&hellip;]<\/p>\n","protected":false},"featured_media":92115,"template":"","meta":[],"product_cat":[999968,200,240,260,999,290],"product_tag":[],"_links":{"self":[{"href":"https:\/\/www.keramika.com\/srbija\/wp-json\/wp\/v2\/product\/92114"}],"collection":[{"href":"https:\/\/www.keramika.com\/srbija\/wp-json\/wp\/v2\/product"}],"about":[{"href":"https:\/\/www.keramika.com\/srbija\/wp-json\/wp\/v2\/types\/product"}],"wp:featuredmedia":[{"embeddable":true,"href":"https:\/\/www.keramika.com\/srbija\/wp-json\/wp\/v2\/media\/92115"}],"wp:attachment":[{"href":"https:\/\/www.keramika.com\/srbija\/wp-json\/wp\/v2\/media?parent=92114"}],"wp:term":[{"taxonomy":"product_cat","embeddable":true,"href":"https:\/\/www.keramika.com\/srbija\/wp-json\/wp\/v2\/product_cat?post=92114"},{"taxonomy":"product_tag","embeddable":true,"href":"https:\/\/www.keramika.com\/srbija\/wp-json\/wp\/v2\/product_tag?post=92114"}],"curies":[{"name":"wp","href":"https:\/\/api.w.org\/{rel}","templated":true}]}}