{"id":92110,"date":"2017-07-02T01:04:11","date_gmt":"2017-07-02T01:04:11","guid":{"rendered":"http:\/\/www.ceramictiles.com\/srbija\/product\/cinca-facade-tiles-sand\/"},"modified":"2026-01-02T00:03:01","modified_gmt":"2026-01-02T00:03:01","slug":"cinca-facade-tiles-sand","status":"publish","type":"product","link":"https:\/\/www.keramika.com\/srbija\/cinca-facade-tiles-sand\/","title":{"rendered":"Cinca facade tiles Sand"},"content":{"rendered":"<p>U maloprodaji bi morali za tu plo\u010dicu platiti 2530 RSD, online cena je samo 2024 RSD. Veli\u010dina plo\u010dice je 5,5&#215;24 cm i odli\u010dna je za razli\u010dite povr\u0161ine. Proizvodnja Portugala ,koja je poznata u svetu, kao jedana od najboljih proizvo\u0111a\u010da kerami\u010dkih plo\u010dica. Debljina plo\u010dice, je vrlo va\u017ena 8 mm i ubraja tu plo\u010dicu me\u0111u najkvalitetnije. Ta kolekcija, model plo\u010dice, se prodaje najvi\u0161e be\u017e boje.<\/p>\n<p>Kliknite na ime serije za sve plo\u010dice u toj seriji: <a class=\"pdfcatal\" href=\"\/\/www.ceramictiles.com\/pdf\/cinca\/catalogue_cinca_facade_tiles.pdf\" onclick=\"recordOutboundLink(this, 'E-mail', 'Description PDF');return false;\">Cinca Cinca facade tiles<\/a><\/p>\n<p>Da bi naru\u010dili model iz PDF kataloga ove serije, molimo vas, da nas kontaktirate na: <a href=\"mailto:zo_mi@ceramictiles.com\" onclick=\"recordOutboundLink(this, 'E-mail', 'Description mail');return false;\">zo_mi@ceramictiles.com<\/a> ili nas pozovite na: For exact offer, PLS send us quantity and product you need with delivery address..<\/p>\n<p>Technical description: <br \/> W 5,5&#215;24  <br \/>Vidrado R\u00fastico Mate Tabaco ; Vidrado R\u00fastico Mate Laranja ; Vidrado R\u00fastico Mate Tijolo ; Vidrado R\u00fastico Mate Ocre ; Vidrado R\u00fastico Mate Castanho ; Vidrado R\u00fastico Mate Marfim ;<\/p>\n","protected":false},"excerpt":{"rendered":"<p>U maloprodaji bi morali za tu plo\u010dicu platiti 2530 RSD, online cena je samo 2024 RSD. Veli\u010dina plo\u010dice je 5,5&#215;24 cm i odli\u010dna je za razli\u010dite povr\u0161ine. Proizvodnja Portugala ,koja je poznata u svetu, kao jedana od najboljih proizvo\u0111a\u010da kerami\u010dkih plo\u010dica. Debljina plo\u010dice, je vrlo va\u017ena 8 mm i ubraja tu plo\u010dicu me\u0111u najkvalitetnije. Ta [&hellip;]<\/p>\n","protected":false},"featured_media":92111,"template":"","meta":[],"product_cat":[999968,140,100,999,110,120],"product_tag":[],"_links":{"self":[{"href":"https:\/\/www.keramika.com\/srbija\/wp-json\/wp\/v2\/product\/92110"}],"collection":[{"href":"https:\/\/www.keramika.com\/srbija\/wp-json\/wp\/v2\/product"}],"about":[{"href":"https:\/\/www.keramika.com\/srbija\/wp-json\/wp\/v2\/types\/product"}],"wp:featuredmedia":[{"embeddable":true,"href":"https:\/\/www.keramika.com\/srbija\/wp-json\/wp\/v2\/media\/92111"}],"wp:attachment":[{"href":"https:\/\/www.keramika.com\/srbija\/wp-json\/wp\/v2\/media?parent=92110"}],"wp:term":[{"taxonomy":"product_cat","embeddable":true,"href":"https:\/\/www.keramika.com\/srbija\/wp-json\/wp\/v2\/product_cat?post=92110"},{"taxonomy":"product_tag","embeddable":true,"href":"https:\/\/www.keramika.com\/srbija\/wp-json\/wp\/v2\/product_tag?post=92110"}],"curies":[{"name":"wp","href":"https:\/\/api.w.org\/{rel}","templated":true}]}}