{"id":92108,"date":"2017-07-02T01:03:55","date_gmt":"2017-07-02T01:03:55","guid":{"rendered":"http:\/\/www.ceramictiles.com\/srbija\/product\/cinca-extruded-tiles-red\/"},"modified":"2026-01-02T00:03:01","modified_gmt":"2026-01-02T00:03:01","slug":"cinca-extruded-tiles-red","status":"publish","type":"product","link":"https:\/\/www.keramika.com\/srbija\/cinca-extruded-tiles-red\/","title":{"rendered":"Cinca extruded tiles Red"},"content":{"rendered":"<p>Plo\u010dica 30&#215;30 cm je dobra za ve\u0107 razli\u010ditih namena. Plo\u010dica je debela 12 mm, \u0161to je ubraja u tvrde plo\u010dice. Ove plo\u010dice dolaze od proizvo\u0111a\u010da Cinca, iz Portugala. Redovna cena, ovih plo\u010dica u maloprodaji je 2766,9 RSD. U na\u0161oj online trgovini, je mo\u017eete kupiti za 2213,75 RSD. Ove crvene kerami\u010dke plo\u010dice, obogatit \u0107e svaki prostor.<\/p>\n<p>Kliknite na ime serije za sve plo\u010dice u toj seriji: <a class=\"pdfcatal\" href=\"\/\/www.ceramictiles.com\/pdf\/cinca\/catalogue_cinca_extruded_tiles.pdf\" onclick=\"recordOutboundLink(this, 'E-mail', 'Description PDF');return false;\">Cinca Cinca extruded tiles<\/a><\/p>\n<p>Da bi naru\u010dili model iz PDF kataloga ove serije, molimo vas, da nas kontaktirate na: <a href=\"mailto:zo_mi@ceramictiles.com\" onclick=\"recordOutboundLink(this, 'E-mail', 'Description mail');return false;\">zo_mi@ceramictiles.com<\/a> ili nas pozovite na: For exact offer, PLS send us quantity and product you need with delivery address..<\/p>\n<p>Technical description: <br \/> W 30&#215;90 ; 15&#215;60 ; 30&#215;30 ; 24&#215;24 ; 15&#215;30 ; 15&#215;15 ; 11,5&#215;24 ; 11,5&#215;11,5  <br \/>Extrudido N\u00e3o Vidrado Vermelho Claro ; Extrudido N\u00e3o Vidrado Areia Claro ; Extrudido N\u00e3o Vidrado Vermelho Flamejado ; Extrudido N\u00e3o Vidrado Vermelho ; Extrudido N\u00e3o Vidrado Cinza Bet\u00e3o ; Extrudido N\u00e3o Vidrado Areia ; Extrudido N\u00e3o Vidrado Salm\u00e3o ; Extrudido N\u00e3o Vidrado Cinza ; Extrudido N\u00e3o Vidrado Preto ;<\/p>\n","protected":false},"excerpt":{"rendered":"<p>Plo\u010dica 30&#215;30 cm je dobra za ve\u0107 razli\u010ditih namena. Plo\u010dica je debela 12 mm, \u0161to je ubraja u tvrde plo\u010dice. Ove plo\u010dice dolaze od proizvo\u0111a\u010da Cinca, iz Portugala. Redovna cena, ovih plo\u010dica u maloprodaji je 2766,9 RSD. U na\u0161oj online trgovini, je mo\u017eete kupiti za 2213,75 RSD. Ove crvene kerami\u010dke plo\u010dice, obogatit \u0107e svaki prostor. [&hellip;]<\/p>\n","protected":false},"featured_media":92109,"template":"","meta":[],"product_cat":[999968,200,100,999,290,110,120],"product_tag":[],"_links":{"self":[{"href":"https:\/\/www.keramika.com\/srbija\/wp-json\/wp\/v2\/product\/92108"}],"collection":[{"href":"https:\/\/www.keramika.com\/srbija\/wp-json\/wp\/v2\/product"}],"about":[{"href":"https:\/\/www.keramika.com\/srbija\/wp-json\/wp\/v2\/types\/product"}],"wp:featuredmedia":[{"embeddable":true,"href":"https:\/\/www.keramika.com\/srbija\/wp-json\/wp\/v2\/media\/92109"}],"wp:attachment":[{"href":"https:\/\/www.keramika.com\/srbija\/wp-json\/wp\/v2\/media?parent=92108"}],"wp:term":[{"taxonomy":"product_cat","embeddable":true,"href":"https:\/\/www.keramika.com\/srbija\/wp-json\/wp\/v2\/product_cat?post=92108"},{"taxonomy":"product_tag","embeddable":true,"href":"https:\/\/www.keramika.com\/srbija\/wp-json\/wp\/v2\/product_tag?post=92108"}],"curies":[{"name":"wp","href":"https:\/\/api.w.org\/{rel}","templated":true}]}}