{"id":92106,"date":"2017-07-02T01:03:38","date_gmt":"2017-07-02T01:03:38","guid":{"rendered":"http:\/\/www.ceramictiles.com\/srbija\/product\/podne-i-zidne-plocice-cinca-evora-grey\/"},"modified":"2026-01-02T00:03:00","modified_gmt":"2026-01-02T00:03:00","slug":"podne-i-zidne-plocice-cinca-evora-grey","status":"publish","type":"product","link":"https:\/\/www.keramika.com\/srbija\/podne-i-zidne-plocice-cinca-evora-grey\/","title":{"rendered":"Podne i zidne plo\u010dice Cinca Evora Grey"},"content":{"rendered":"<p>Plo\u010dica je debela 9 mm, \u0161to je ubraja u tvrde plo\u010dice. Cinca Evora Grey je proizvod iz Portugala te je izuzetno kvalitetna. Ove sive kerami\u010dke plo\u010dice, obogatit \u0107e svaki prostor. Veli\u010dina ove plo\u010dice je 33&#215;45 cm. U maloprodaji bi morali za tu plo\u010dicu platiti 2925,6 RSD, online cena je samo 2340,25 RSD.<\/p>\n<p>Kliknite na ime serije za sve plo\u010dice u toj seriji: <a class=\"pdfcatal\" href=\"\/\/www.ceramictiles.com\/pdf\/cinca\/catalogue_cinca_evora.pdf\" onclick=\"recordOutboundLink(this, 'E-mail', 'Description PDF');return false;\">Cinca Evora<\/a><\/p>\n<p>Da bi naru\u010dili model iz PDF kataloga ove serije, molimo vas, da nas kontaktirate na: <a href=\"mailto:zo_mi@ceramictiles.com\" onclick=\"recordOutboundLink(this, 'E-mail', 'Description mail');return false;\">zo_mi@ceramictiles.com<\/a> ili nas pozovite na: For exact offer, PLS send us quantity and product you need with delivery address..<\/p>\n<p>Technical description: <br \/> W &#038; F 33&#215;45 ; 25&#215;45 ; 25&#215;33 ; 33&#215;33 <br \/>\u00c9vora Branco ; \u00c9vora Cinza ; \u00c9vora Bege ;<\/p>\n","protected":false},"excerpt":{"rendered":"<p>Plo\u010dica je debela 9 mm, \u0161to je ubraja u tvrde plo\u010dice. Cinca Evora Grey je proizvod iz Portugala te je izuzetno kvalitetna. Ove sive kerami\u010dke plo\u010dice, obogatit \u0107e svaki prostor. Veli\u010dina ove plo\u010dice je 33&#215;45 cm. U maloprodaji bi morali za tu plo\u010dicu platiti 2925,6 RSD, online cena je samo 2340,25 RSD. Kliknite na ime [&hellip;]<\/p>\n","protected":false},"featured_media":92107,"template":"","meta":[],"product_cat":[999968,200,220,999,250],"product_tag":[],"_links":{"self":[{"href":"https:\/\/www.keramika.com\/srbija\/wp-json\/wp\/v2\/product\/92106"}],"collection":[{"href":"https:\/\/www.keramika.com\/srbija\/wp-json\/wp\/v2\/product"}],"about":[{"href":"https:\/\/www.keramika.com\/srbija\/wp-json\/wp\/v2\/types\/product"}],"wp:featuredmedia":[{"embeddable":true,"href":"https:\/\/www.keramika.com\/srbija\/wp-json\/wp\/v2\/media\/92107"}],"wp:attachment":[{"href":"https:\/\/www.keramika.com\/srbija\/wp-json\/wp\/v2\/media?parent=92106"}],"wp:term":[{"taxonomy":"product_cat","embeddable":true,"href":"https:\/\/www.keramika.com\/srbija\/wp-json\/wp\/v2\/product_cat?post=92106"},{"taxonomy":"product_tag","embeddable":true,"href":"https:\/\/www.keramika.com\/srbija\/wp-json\/wp\/v2\/product_tag?post=92106"}],"curies":[{"name":"wp","href":"https:\/\/api.w.org\/{rel}","templated":true}]}}