{"id":92104,"date":"2017-07-02T01:03:16","date_gmt":"2017-07-02T01:03:16","guid":{"rendered":"http:\/\/www.ceramictiles.com\/srbija\/product\/projekt-plocice-cinca-espace-white\/"},"modified":"2026-01-02T00:03:00","modified_gmt":"2026-01-02T00:03:00","slug":"projekt-plocice-cinca-espace-white","status":"publish","type":"product","link":"https:\/\/www.keramika.com\/srbija\/projekt-plocice-cinca-espace-white\/","title":{"rendered":"Projekt plo\u010dice Cinca Espace White"},"content":{"rendered":"<p>Cinca Espace White je dostupna po vrlo povoljnim cenama 1598,5 RSD. 6 mm debljina \u0107e zadovoljiti i najzahtevnije kupce. Veli\u010dina plo\u010dice je 20&#215;20 cm i odli\u010dna je za razli\u010dite povr\u0161ine. Izuzetno moderne plo\u010dice \u017eute boje, osve\u017eit \u0107e svaki prostor. Cinca Espace White dolazi iz Portugala, koja je poznata po vrlo visokoj kvaliteta keramike u svetu.<\/p>\n<p>Kliknite na ime serije za sve plo\u010dice u toj seriji: <a class=\"pdfcatal\" href=\"\/\/www.ceramictiles.com\/pdf\/cinca\/catalogue_cinca_espace.pdf\" onclick=\"recordOutboundLink(this, 'E-mail', 'Description PDF');return false;\">Cinca Espace<\/a><\/p>\n<p>Da bi naru\u010dili model iz PDF kataloga ove serije, molimo vas, da nas kontaktirate na: <a href=\"mailto:zo_mi@ceramictiles.com\" onclick=\"recordOutboundLink(this, 'E-mail', 'Description mail');return false;\">zo_mi@ceramictiles.com<\/a> ili nas pozovite na: For exact offer, PLS send us quantity and product you need with delivery address..<\/p>\n<p>Technical description: <br \/> F 33&#215;33 ; 20&#215;20 <br \/>Espace Branco ; Espace Castanho ; Espace Cinza ; Espace Salm\u00e3o ;<\/p>\n","protected":false},"excerpt":{"rendered":"<p>Cinca Espace White je dostupna po vrlo povoljnim cenama 1598,5 RSD. 6 mm debljina \u0107e zadovoljiti i najzahtevnije kupce. Veli\u010dina plo\u010dice je 20&#215;20 cm i odli\u010dna je za razli\u010dite povr\u0161ine. Izuzetno moderne plo\u010dice \u017eute boje, osve\u017eit \u0107e svaki prostor. Cinca Espace White dolazi iz Portugala, koja je poznata po vrlo visokoj kvaliteta keramike u svetu. [&hellip;]<\/p>\n","protected":false},"featured_media":92105,"template":"","meta":[],"product_cat":[999968,200,240,999,290,270],"product_tag":[],"_links":{"self":[{"href":"https:\/\/www.keramika.com\/srbija\/wp-json\/wp\/v2\/product\/92104"}],"collection":[{"href":"https:\/\/www.keramika.com\/srbija\/wp-json\/wp\/v2\/product"}],"about":[{"href":"https:\/\/www.keramika.com\/srbija\/wp-json\/wp\/v2\/types\/product"}],"wp:featuredmedia":[{"embeddable":true,"href":"https:\/\/www.keramika.com\/srbija\/wp-json\/wp\/v2\/media\/92105"}],"wp:attachment":[{"href":"https:\/\/www.keramika.com\/srbija\/wp-json\/wp\/v2\/media?parent=92104"}],"wp:term":[{"taxonomy":"product_cat","embeddable":true,"href":"https:\/\/www.keramika.com\/srbija\/wp-json\/wp\/v2\/product_cat?post=92104"},{"taxonomy":"product_tag","embeddable":true,"href":"https:\/\/www.keramika.com\/srbija\/wp-json\/wp\/v2\/product_tag?post=92104"}],"curies":[{"name":"wp","href":"https:\/\/api.w.org\/{rel}","templated":true}]}}