{"id":92098,"date":"2017-07-02T01:02:26","date_gmt":"2017-07-02T01:02:26","guid":{"rendered":"http:\/\/www.ceramictiles.com\/srbija\/product\/porcelanske-plocice-cinca-dolmen-cocoa\/"},"modified":"2026-01-02T00:02:59","modified_gmt":"2026-01-02T00:02:59","slug":"porcelanske-plocice-cinca-dolmen-cocoa","status":"publish","type":"product","link":"https:\/\/www.keramika.com\/srbija\/porcelanske-plocice-cinca-dolmen-cocoa\/","title":{"rendered":"Porcelanske plo\u010dice Cinca Dolmen Cocoa"},"content":{"rendered":"<p>Plo\u010dice braon boje, su letos izuzetno tre\u017eene. \u0160irina i du\u017eina plo\u010dice su 30&#215;60 cm. 10 mm debljine je dovoljno za zahtevnije kupce. Online cena je samo 6417 RSD, dok redovna, maloprodajna cena 8021,25 RSD. Cinca Dolmen Cocoa dolazi iz Portugala, koja je poznata po vrlo visokoj kvaliteta keramike u svetu.<\/p>\n<p>Kliknite na ime serije za sve plo\u010dice u toj seriji: <a class=\"pdfcatal\" href=\"\/\/www.ceramictiles.com\/pdf\/cinca\/catalogue_cinca_dolmen.pdf\" onclick=\"recordOutboundLink(this, 'E-mail', 'Description PDF');return false;\">Cinca Dolmen<\/a><\/p>\n<p>Da bi naru\u010dili model iz PDF kataloga ove serije, molimo vas, da nas kontaktirate na: <a href=\"mailto:zo_mi@ceramictiles.com\" onclick=\"recordOutboundLink(this, 'E-mail', 'Description mail');return false;\">zo_mi@ceramictiles.com<\/a> ili nas pozovite na: For exact offer, PLS send us quantity and product you need with delivery address..<\/p>\n<p>Technical description: <br \/> F 60&#215;60 ; 30&#215;60 ; 30&#215;30 ; 60,8&#215;60,8 ; 30&#215;60,4 <br \/>Dolmen Bege ; Dolmen Cacau ; Dolmen Cinza P\u00e9rola ; Dolmen Preto ;<\/p>\n","protected":false},"excerpt":{"rendered":"<p>Plo\u010dice braon boje, su letos izuzetno tre\u017eene. \u0160irina i du\u017eina plo\u010dice su 30&#215;60 cm. 10 mm debljine je dovoljno za zahtevnije kupce. Online cena je samo 6417 RSD, dok redovna, maloprodajna cena 8021,25 RSD. Cinca Dolmen Cocoa dolazi iz Portugala, koja je poznata po vrlo visokoj kvaliteta keramike u svetu. Kliknite na ime serije za [&hellip;]<\/p>\n","protected":false},"featured_media":92099,"template":"","meta":[],"product_cat":[999968,200,230,240,999],"product_tag":[],"_links":{"self":[{"href":"https:\/\/www.keramika.com\/srbija\/wp-json\/wp\/v2\/product\/92098"}],"collection":[{"href":"https:\/\/www.keramika.com\/srbija\/wp-json\/wp\/v2\/product"}],"about":[{"href":"https:\/\/www.keramika.com\/srbija\/wp-json\/wp\/v2\/types\/product"}],"wp:featuredmedia":[{"embeddable":true,"href":"https:\/\/www.keramika.com\/srbija\/wp-json\/wp\/v2\/media\/92099"}],"wp:attachment":[{"href":"https:\/\/www.keramika.com\/srbija\/wp-json\/wp\/v2\/media?parent=92098"}],"wp:term":[{"taxonomy":"product_cat","embeddable":true,"href":"https:\/\/www.keramika.com\/srbija\/wp-json\/wp\/v2\/product_cat?post=92098"},{"taxonomy":"product_tag","embeddable":true,"href":"https:\/\/www.keramika.com\/srbija\/wp-json\/wp\/v2\/product_tag?post=92098"}],"curies":[{"name":"wp","href":"https:\/\/api.w.org\/{rel}","templated":true}]}}