{"id":92096,"date":"2017-07-02T01:02:07","date_gmt":"2017-07-02T01:02:07","guid":{"rendered":"http:\/\/www.ceramictiles.com\/srbija\/product\/plocice-za-kupatilo-cinca-dido-green\/"},"modified":"2026-01-02T00:02:59","modified_gmt":"2026-01-02T00:02:59","slug":"plocice-za-kupatilo-cinca-dido-green","status":"publish","type":"product","link":"https:\/\/www.keramika.com\/srbija\/plocice-za-kupatilo-cinca-dido-green\/","title":{"rendered":"Plo\u010dice za kupatilo Cinca Dido Green"},"content":{"rendered":"<p>Umesto 3011,85 RSD \u0161to je redovna maloprodajna cena keramike, u na\u0161oj online prodavnici, je mo\u017eete dobiti za samo 2409,25 RSD. Ove plo\u010dice dolaze od proizvo\u0111a\u010da Cinca, iz Portugala. Veli\u010dina ove plo\u010dice je 25&#215;45 cm. U izboru plo\u010dica zelene boje, ne mo\u017eete pogre\u0161iti. Ova plo\u010dica je debela 8 mm i zato je izuzetno izdr\u017eljiva.<\/p>\n<p>Kliknite na ime serije za sve plo\u010dice u toj seriji: <a class=\"pdfcatal\" href=\"\/\/www.ceramictiles.com\/pdf\/cinca\/catalogue_cinca_dido.pdf\" onclick=\"recordOutboundLink(this, 'E-mail', 'Description PDF');return false;\">Cinca Dido<\/a><\/p>\n<p>Da bi naru\u010dili model iz PDF kataloga ove serije, molimo vas, da nas kontaktirate na: <a href=\"mailto:zo_mi@ceramictiles.com\" onclick=\"recordOutboundLink(this, 'E-mail', 'Description mail');return false;\">zo_mi@ceramictiles.com<\/a> ili nas pozovite na: For exact offer, PLS send us quantity and product you need with delivery address..<\/p>\n<p>Technical description: <br \/> W &#038; F 25&#215;45 ; 33&#215;33 <br \/>Dido Branco ; Dido Preto ; Dido Vermelho ; Dido Verde ; Dido Laranja ;<\/p>\n","protected":false},"excerpt":{"rendered":"<p>Umesto 3011,85 RSD \u0161to je redovna maloprodajna cena keramike, u na\u0161oj online prodavnici, je mo\u017eete dobiti za samo 2409,25 RSD. Ove plo\u010dice dolaze od proizvo\u0111a\u010da Cinca, iz Portugala. Veli\u010dina ove plo\u010dice je 25&#215;45 cm. U izboru plo\u010dica zelene boje, ne mo\u017eete pogre\u0161iti. Ova plo\u010dica je debela 8 mm i zato je izuzetno izdr\u017eljiva. Kliknite na [&hellip;]<\/p>\n","protected":false},"featured_media":92097,"template":"","meta":[],"product_cat":[999968,200,220,999,250],"product_tag":[],"_links":{"self":[{"href":"https:\/\/www.keramika.com\/srbija\/wp-json\/wp\/v2\/product\/92096"}],"collection":[{"href":"https:\/\/www.keramika.com\/srbija\/wp-json\/wp\/v2\/product"}],"about":[{"href":"https:\/\/www.keramika.com\/srbija\/wp-json\/wp\/v2\/types\/product"}],"wp:featuredmedia":[{"embeddable":true,"href":"https:\/\/www.keramika.com\/srbija\/wp-json\/wp\/v2\/media\/92097"}],"wp:attachment":[{"href":"https:\/\/www.keramika.com\/srbija\/wp-json\/wp\/v2\/media?parent=92096"}],"wp:term":[{"taxonomy":"product_cat","embeddable":true,"href":"https:\/\/www.keramika.com\/srbija\/wp-json\/wp\/v2\/product_cat?post=92096"},{"taxonomy":"product_tag","embeddable":true,"href":"https:\/\/www.keramika.com\/srbija\/wp-json\/wp\/v2\/product_tag?post=92096"}],"curies":[{"name":"wp","href":"https:\/\/api.w.org\/{rel}","templated":true}]}}