{"id":92094,"date":"2017-07-02T01:01:47","date_gmt":"2017-07-02T01:01:47","guid":{"rendered":"http:\/\/www.ceramictiles.com\/srbija\/product\/keramika-za-terase-cinca-cotto-d-alcobaca-red\/"},"modified":"2026-01-02T00:02:59","modified_gmt":"2026-01-02T00:02:59","slug":"keramika-za-terase-cinca-cotto-d-alcobaca-red","status":"publish","type":"product","link":"https:\/\/www.keramika.com\/srbija\/keramika-za-terase-cinca-cotto-d-alcobaca-red\/","title":{"rendered":"Keramika za terase Cinca Cotto d&#8217; Alcobaca Red"},"content":{"rendered":"<p>\u0160irina i du\u017eina plo\u010dice su 16&#215;33 cm. Plo\u010dica je debela 9 mm, \u0161to je ubraja u tvrde plo\u010dice. Plo\u010dice crvene boje osvje\u017eit \u0107e svaki prostor. Zbog ni\u017eih tro\u0161kova, online prodaje, Vi \u0107e te na na\u0161oj strani ove plo\u010de platiti samo 2995,75 RSD. Cinca Cotto d&#8217; Alcobaca Red dolazi iz Portugala, koja je poznata po vrlo visokoj kvaliteta keramike u svetu.<\/p>\n<p>Kliknite na ime serije za sve plo\u010dice u toj seriji: <a class=\"pdfcatal\" href=\"\/\/www.ceramictiles.com\/pdf\/cinca\/catalogue_cinca_cotto_d'_alcobaca.pdf\" onclick=\"recordOutboundLink(this, 'E-mail', 'Description PDF');return false;\">Cinca Cotto d&#8217; Alcobaca<\/a><\/p>\n<p>Da bi naru\u010dili model iz PDF kataloga ove serije, molimo vas, da nas kontaktirate na: <a href=\"mailto:zo_mi@ceramictiles.com\" onclick=\"recordOutboundLink(this, 'E-mail', 'Description mail');return false;\">zo_mi@ceramictiles.com<\/a> ili nas pozovite na: For exact offer, PLS send us quantity and product you need with delivery address..<\/p>\n<p>Technical description: <br \/> F 33&#215;33 ; 16&#215;33 <br \/>Cotto D&#8217;Alcoba\u00e7a Conhaque ; Cotto D&#8217;Alcoba\u00e7a Vermelho ; Cotto D&#8217;Alcoba\u00e7a Bege ; Cotto D&#8217;Alcoba\u00e7a Rosa ;<\/p>\n","protected":false},"excerpt":{"rendered":"<p>\u0160irina i du\u017eina plo\u010dice su 16&#215;33 cm. Plo\u010dica je debela 9 mm, \u0161to je ubraja u tvrde plo\u010dice. Plo\u010dice crvene boje osvje\u017eit \u0107e svaki prostor. Zbog ni\u017eih tro\u0161kova, online prodaje, Vi \u0107e te na na\u0161oj strani ove plo\u010de platiti samo 2995,75 RSD. Cinca Cotto d&#8217; Alcobaca Red dolazi iz Portugala, koja je poznata po vrlo [&hellip;]<\/p>\n","protected":false},"featured_media":92095,"template":"","meta":[],"product_cat":[999968,200,230,240,999],"product_tag":[99950091],"_links":{"self":[{"href":"https:\/\/www.keramika.com\/srbija\/wp-json\/wp\/v2\/product\/92094"}],"collection":[{"href":"https:\/\/www.keramika.com\/srbija\/wp-json\/wp\/v2\/product"}],"about":[{"href":"https:\/\/www.keramika.com\/srbija\/wp-json\/wp\/v2\/types\/product"}],"wp:featuredmedia":[{"embeddable":true,"href":"https:\/\/www.keramika.com\/srbija\/wp-json\/wp\/v2\/media\/92095"}],"wp:attachment":[{"href":"https:\/\/www.keramika.com\/srbija\/wp-json\/wp\/v2\/media?parent=92094"}],"wp:term":[{"taxonomy":"product_cat","embeddable":true,"href":"https:\/\/www.keramika.com\/srbija\/wp-json\/wp\/v2\/product_cat?post=92094"},{"taxonomy":"product_tag","embeddable":true,"href":"https:\/\/www.keramika.com\/srbija\/wp-json\/wp\/v2\/product_tag?post=92094"}],"curies":[{"name":"wp","href":"https:\/\/api.w.org\/{rel}","templated":true}]}}