{"id":92092,"date":"2017-07-02T01:01:30","date_gmt":"2017-07-02T01:01:30","guid":{"rendered":"http:\/\/www.ceramictiles.com\/srbija\/product\/kuhinjske-plocice-cinca-cotto-d-albe-extruded-tiles-red\/"},"modified":"2026-01-02T00:02:58","modified_gmt":"2026-01-02T00:02:58","slug":"kuhinjske-plocice-cinca-cotto-d-albe-extruded-tiles-red","status":"publish","type":"product","link":"https:\/\/www.keramika.com\/srbija\/kuhinjske-plocice-cinca-cotto-d-albe-extruded-tiles-red\/","title":{"rendered":"Kuhinjske plo\u010dice Cinca Cotto d&#8217; Albe &#8211;  Extruded Tiles Red"},"content":{"rendered":"<p>11 mm debljine je dovoljno za zahtevnije kupce. Ove crvene kerami\u010dke plo\u010dice, obogatit \u0107e svaki prostor. 4046,85 RSD je redovna prodajna cena keramike, tu pa samo 3237,25 RSD. Plo\u010dice dolaze iz Portugala, koja je poznata po kvalitetnoj keramiki. Veli\u010dina 12&#215;24 cm je odli\u010dna za sve podloge.<\/p>\n<p>Kliknite na ime serije za sve plo\u010dice u toj seriji: <a class=\"pdfcatal\" href=\"\/\/www.ceramictiles.com\/pdf\/cinca\/catalogue_cinca_cotto_d'_albe.pdf\" onclick=\"recordOutboundLink(this, 'E-mail', 'Description PDF');return false;\">Cinca Cotto d&#8217; Albe &#8211; Extruded Tiles<\/a><\/p>\n<p>Da bi naru\u010dili model iz PDF kataloga ove serije, molimo vas, da nas kontaktirate na: <a href=\"mailto:zo_mi@ceramictiles.com\" onclick=\"recordOutboundLink(this, 'E-mail', 'Description mail');return false;\">zo_mi@ceramictiles.com<\/a> ili nas pozovite na: For exact offer, PLS send us quantity and product you need with delivery address..<\/p>\n<p>Technical description: <br \/>  F 32&#215;32 ; 24&#215;24 ; 12&#215;24 ; 12&#215;12 <br \/>Cotto D&#8217;Albe Laranja ; Cotto D&#8217;Albe Vermelho ; Cotto D&#8217;Albe Branco ; Cotto D&#8217;Albe Areia ;<\/p>\n","protected":false},"excerpt":{"rendered":"<p>11 mm debljine je dovoljno za zahtevnije kupce. Ove crvene kerami\u010dke plo\u010dice, obogatit \u0107e svaki prostor. 4046,85 RSD je redovna prodajna cena keramike, tu pa samo 3237,25 RSD. Plo\u010dice dolaze iz Portugala, koja je poznata po kvalitetnoj keramiki. Veli\u010dina 12&#215;24 cm je odli\u010dna za sve podloge. Kliknite na ime serije za sve plo\u010dice u toj [&hellip;]<\/p>\n","protected":false},"featured_media":92093,"template":"","meta":[],"product_cat":[999968,200,100,999,290,110,120],"product_tag":[],"_links":{"self":[{"href":"https:\/\/www.keramika.com\/srbija\/wp-json\/wp\/v2\/product\/92092"}],"collection":[{"href":"https:\/\/www.keramika.com\/srbija\/wp-json\/wp\/v2\/product"}],"about":[{"href":"https:\/\/www.keramika.com\/srbija\/wp-json\/wp\/v2\/types\/product"}],"wp:featuredmedia":[{"embeddable":true,"href":"https:\/\/www.keramika.com\/srbija\/wp-json\/wp\/v2\/media\/92093"}],"wp:attachment":[{"href":"https:\/\/www.keramika.com\/srbija\/wp-json\/wp\/v2\/media?parent=92092"}],"wp:term":[{"taxonomy":"product_cat","embeddable":true,"href":"https:\/\/www.keramika.com\/srbija\/wp-json\/wp\/v2\/product_cat?post=92092"},{"taxonomy":"product_tag","embeddable":true,"href":"https:\/\/www.keramika.com\/srbija\/wp-json\/wp\/v2\/product_tag?post=92092"}],"curies":[{"name":"wp","href":"https:\/\/api.w.org\/{rel}","templated":true}]}}