{"id":92088,"date":"2017-07-02T01:00:50","date_gmt":"2017-07-02T01:00:50","guid":{"rendered":"http:\/\/www.ceramictiles.com\/srbija\/product\/plocice-za-kupatilo-cinca-color-line-ocean-blue\/"},"modified":"2026-01-02T00:02:58","modified_gmt":"2026-01-02T00:02:58","slug":"plocice-za-kupatilo-cinca-color-line-ocean-blue","status":"publish","type":"product","link":"https:\/\/www.keramika.com\/srbija\/plocice-za-kupatilo-cinca-color-line-ocean-blue\/","title":{"rendered":"Plo\u010dice za kupatilo Cinca Color Line Ocean Blue"},"content":{"rendered":"<p>Proizvodnja Portugala ,koja je poznata u svetu, kao jedana od najboljih proizvo\u0111a\u010da kerami\u010dkih plo\u010dica. U maloprodaji bi morali za tu plo\u010dicu platiti 6267,5 RSD, online cena je samo 5014 RSD. Ove plave kerami\u010dke plo\u010dice, obogatit \u0107e svaki prostor. 8 mm debljina \u0107e zadovoljiti i najzahtevnije kupce. Dimenzije ovih plo\u010dica su 32&#215;32 cm.<\/p>\n<p>Kliknite na ime serije za sve plo\u010dice u toj seriji: <a class=\"pdfcatal\" href=\"\/\/www.ceramictiles.com\/pdf\/cinca\/catalogue_cinca_color line.pdf\" onclick=\"recordOutboundLink(this, 'E-mail', 'Description PDF');return false;\">Cinca Color Line<\/a><\/p>\n<p>Da bi naru\u010dili model iz PDF kataloga ove serije, molimo vas, da nas kontaktirate na: <a href=\"mailto:zo_mi@ceramictiles.com\" onclick=\"recordOutboundLink(this, 'E-mail', 'Description mail');return false;\">zo_mi@ceramictiles.com<\/a> ili nas pozovite na: For exact offer, PLS send us quantity and product you need with delivery address..<\/p>\n<p>Technical description: <br \/>  W &#038; F 32&#215;55 ; 16&#215;55 ; 32&#215;32 <br \/>Color Line Verde \u00c1gua ; Color Line Verde Mar ; Color Line Azul Oceano ; Color Line P\u00e9rola ; Color Line Baunilha ; Color Line Amarelo ;<\/p>\n","protected":false},"excerpt":{"rendered":"<p>Proizvodnja Portugala ,koja je poznata u svetu, kao jedana od najboljih proizvo\u0111a\u010da kerami\u010dkih plo\u010dica. U maloprodaji bi morali za tu plo\u010dicu platiti 6267,5 RSD, online cena je samo 5014 RSD. Ove plave kerami\u010dke plo\u010dice, obogatit \u0107e svaki prostor. 8 mm debljina \u0107e zadovoljiti i najzahtevnije kupce. Dimenzije ovih plo\u010dica su 32&#215;32 cm. Kliknite na ime [&hellip;]<\/p>\n","protected":false},"featured_media":92089,"template":"","meta":[],"product_cat":[999968,200,220,240,999],"product_tag":[],"_links":{"self":[{"href":"https:\/\/www.keramika.com\/srbija\/wp-json\/wp\/v2\/product\/92088"}],"collection":[{"href":"https:\/\/www.keramika.com\/srbija\/wp-json\/wp\/v2\/product"}],"about":[{"href":"https:\/\/www.keramika.com\/srbija\/wp-json\/wp\/v2\/types\/product"}],"wp:featuredmedia":[{"embeddable":true,"href":"https:\/\/www.keramika.com\/srbija\/wp-json\/wp\/v2\/media\/92089"}],"wp:attachment":[{"href":"https:\/\/www.keramika.com\/srbija\/wp-json\/wp\/v2\/media?parent=92088"}],"wp:term":[{"taxonomy":"product_cat","embeddable":true,"href":"https:\/\/www.keramika.com\/srbija\/wp-json\/wp\/v2\/product_cat?post=92088"},{"taxonomy":"product_tag","embeddable":true,"href":"https:\/\/www.keramika.com\/srbija\/wp-json\/wp\/v2\/product_tag?post=92088"}],"curies":[{"name":"wp","href":"https:\/\/api.w.org\/{rel}","templated":true}]}}