{"id":92078,"date":"2018-01-09T00:59:17","date_gmt":"2018-01-09T00:59:17","guid":{"rendered":"http:\/\/www.ceramictiles.com\/srbija\/product\/plocice-za-dnevnu-sobu-cinca-boreal-white\/"},"modified":"2026-01-02T00:02:56","modified_gmt":"2026-01-02T00:02:56","slug":"cinca-hexagon-factory","status":"publish","type":"product","link":"https:\/\/www.keramika.com\/srbija\/cinca-hexagon-factory\/","title":{"rendered":"Cinca hexagon Factory"},"content":{"rendered":"<p>Izuzetno moderne plo\u010dice bele boje, osve\u017eit \u0107e svaki prostor. Proizvodnja Portugala ,koja je poznata u svetu, kao jedana od najboljih proizvo\u0111a\u010da kerami\u010dkih plo\u010dica. Plo\u010dica 24&#215;49 cm je dobra za ve\u0107 razli\u010ditih namena. Online cena je samo 4081,5 RSD, dok redovna, maloprodajna cena 6601,3 RSD. Ova plo\u010dica je debela 9 mm i zato je izuzetno izdr\u017eljiva.<\/p>\n<p>Kliknite na ime serije za sve plo\u010dice u toj seriji: <a class=\"pdfcatal\" href=\"\/\/www.ceramictiles.com\/pdf\/catalogue_cinca_hexagons.pdf\">Cinca Factory<\/a><\/p>\n<p>Pakovanje: 1,13 m2 \/ kutija; 21,15 kg te\u017eine \/ kutije<br \/>\nVeli\u010dina: 24&#215;49 cm; 49&#215;99 cm<br \/>\nStone Cut : 8660 Branco White; 8663 Antracite Anthracite; 8662 Bege Beige; 8661 Cinza Grey<br \/>\nFactory : 8820 Branco White; 8823 Antracite Anthracite; 8821 Taupe Taupe; 8822 Bet\u00e3o Concrete<br \/>\nImagine Vintage : 8770 White ; 8773 Sepia; 8771 Grafite; 8772 Forest; Luxury Stone;8871 Branco Statuario Statuario White<br \/>\nBlack&amp;White : 5500 Branco White; 5509 Preto Black<\/p>\n","protected":false},"excerpt":{"rendered":"<p>\u0160esterougaone granitne plo\u010dice za pod i zid<\/p>\n","protected":false},"featured_media":99389,"template":"","meta":[],"product_cat":[999968,200,240,260,999,290,270,250],"product_tag":[99950100,99950089,99950095,99950096,99950098,99950099,99950097,99950091],"_links":{"self":[{"href":"https:\/\/www.keramika.com\/srbija\/wp-json\/wp\/v2\/product\/92078"}],"collection":[{"href":"https:\/\/www.keramika.com\/srbija\/wp-json\/wp\/v2\/product"}],"about":[{"href":"https:\/\/www.keramika.com\/srbija\/wp-json\/wp\/v2\/types\/product"}],"wp:featuredmedia":[{"embeddable":true,"href":"https:\/\/www.keramika.com\/srbija\/wp-json\/wp\/v2\/media\/99389"}],"wp:attachment":[{"href":"https:\/\/www.keramika.com\/srbija\/wp-json\/wp\/v2\/media?parent=92078"}],"wp:term":[{"taxonomy":"product_cat","embeddable":true,"href":"https:\/\/www.keramika.com\/srbija\/wp-json\/wp\/v2\/product_cat?post=92078"},{"taxonomy":"product_tag","embeddable":true,"href":"https:\/\/www.keramika.com\/srbija\/wp-json\/wp\/v2\/product_tag?post=92078"}],"curies":[{"name":"wp","href":"https:\/\/api.w.org\/{rel}","templated":true}]}}