{"id":92076,"date":"2017-07-02T00:59:02","date_gmt":"2017-07-02T00:59:02","guid":{"rendered":"http:\/\/www.ceramictiles.com\/srbija\/product\/plocice-za-kupatilo-cinca-bolschoi-grey\/"},"modified":"2026-01-02T00:02:55","modified_gmt":"2026-01-02T00:02:55","slug":"plocice-za-kupatilo-cinca-bolschoi-grey","status":"publish","type":"product","link":"https:\/\/www.keramika.com\/srbija\/plocice-za-kupatilo-cinca-bolschoi-grey\/","title":{"rendered":"Plo\u010dice za kupatilo Cinca Bolschoi Grey"},"content":{"rendered":"<p>Veli\u010dina plo\u010dice je 32&#215;75 cm i odli\u010dna je za razli\u010dite povr\u0161ine. Plo\u010dice dolaze iz Portugala, koja je poznata po kvalitetnoj keramiki. Plo\u010dice sive boje osvje\u017eit \u0107e svaki prostor. Redovna cena, ovih plo\u010dica u maloprodaji je 6864,35 RSD. U na\u0161oj online trgovini, je mo\u017eete kupiti za 5491,25 RSD. Debljina plo\u010dice, je vrlo va\u017ena 10 mm i ubraja tu plo\u010dicu me\u0111u najkvalitetnije.<\/p>\n<p>Kliknite na ime serije za sve plo\u010dice u toj seriji: <a class=\"pdfcatal\" href=\"\/\/www.ceramictiles.com\/pdf\/cinca\/catalogue_cinca_bolschoi.pdf\" onclick=\"recordOutboundLink(this, 'E-mail', 'Description PDF');return false;\">Cinca Bolschoi<\/a><\/p>\n<p>Da bi naru\u010dili model iz PDF kataloga ove serije, molimo vas, da nas kontaktirate na: <a href=\"mailto:zo_mi@ceramictiles.com\" onclick=\"recordOutboundLink(this, 'E-mail', 'Description mail');return false;\">zo_mi@ceramictiles.com<\/a> ili nas pozovite na: For exact offer, PLS send us quantity and product you need with delivery address..<\/p>\n<p>Technical description: <br \/> W &#038; F 32&#215;75 ; 32&#215;32 <br \/>Bolshoi Bege ; Bolshoi Cinza ;<\/p>\n","protected":false},"excerpt":{"rendered":"<p>Veli\u010dina plo\u010dice je 32&#215;75 cm i odli\u010dna je za razli\u010dite povr\u0161ine. Plo\u010dice dolaze iz Portugala, koja je poznata po kvalitetnoj keramiki. Plo\u010dice sive boje osvje\u017eit \u0107e svaki prostor. Redovna cena, ovih plo\u010dica u maloprodaji je 6864,35 RSD. U na\u0161oj online trgovini, je mo\u017eete kupiti za 5491,25 RSD. Debljina plo\u010dice, je vrlo va\u017ena 10 mm i [&hellip;]<\/p>\n","protected":false},"featured_media":92077,"template":"","meta":[],"product_cat":[999968,200,220,999,250],"product_tag":[],"_links":{"self":[{"href":"https:\/\/www.keramika.com\/srbija\/wp-json\/wp\/v2\/product\/92076"}],"collection":[{"href":"https:\/\/www.keramika.com\/srbija\/wp-json\/wp\/v2\/product"}],"about":[{"href":"https:\/\/www.keramika.com\/srbija\/wp-json\/wp\/v2\/types\/product"}],"wp:featuredmedia":[{"embeddable":true,"href":"https:\/\/www.keramika.com\/srbija\/wp-json\/wp\/v2\/media\/92077"}],"wp:attachment":[{"href":"https:\/\/www.keramika.com\/srbija\/wp-json\/wp\/v2\/media?parent=92076"}],"wp:term":[{"taxonomy":"product_cat","embeddable":true,"href":"https:\/\/www.keramika.com\/srbija\/wp-json\/wp\/v2\/product_cat?post=92076"},{"taxonomy":"product_tag","embeddable":true,"href":"https:\/\/www.keramika.com\/srbija\/wp-json\/wp\/v2\/product_tag?post=92076"}],"curies":[{"name":"wp","href":"https:\/\/api.w.org\/{rel}","templated":true}]}}