{"id":92074,"date":"2017-07-02T00:58:45","date_gmt":"2017-07-02T00:58:45","guid":{"rendered":"http:\/\/www.ceramictiles.com\/srbija\/product\/3d-plocice-cinca-boiserie-bordeaux\/"},"modified":"2026-01-02T00:02:55","modified_gmt":"2026-01-02T00:02:55","slug":"3d-plocice-cinca-boiserie-bordeaux","status":"publish","type":"product","link":"https:\/\/www.keramika.com\/srbija\/3d-plocice-cinca-boiserie-bordeaux\/","title":{"rendered":"3D plo\u010dice Cinca Boiserie Bordeaux"},"content":{"rendered":"<p>Veli\u010dina ove plo\u010dice je 32&#215;75 cm. Cinca Boiserie Bordeaux je dostupna po vrlo povoljnim cenama 6606,75 RSD. Izuzetno moderne plo\u010dice crvene boje, osve\u017eit \u0107e svaki prostor. Plo\u010dice dolaze iz Portugala, koja je poznata po kvalitetnoj keramiki. Plo\u010dica je debela 10 mm, \u0161to je ubraja u tvrde plo\u010dice.<\/p>\n<p>Kliknite na ime serije za sve plo\u010dice u toj seriji: <a class=\"pdfcatal\" href=\"\/\/www.ceramictiles.com\/pdf\/cinca\/catalogue_cinca_boiserie.pdf\" onclick=\"recordOutboundLink(this, 'E-mail', 'Description PDF');return false;\">Cinca Boiserie<\/a><\/p>\n<p>Da bi naru\u010dili model iz PDF kataloga ove serije, molimo vas, da nas kontaktirate na: <a href=\"mailto:zo_mi@ceramictiles.com\" onclick=\"recordOutboundLink(this, 'E-mail', 'Description mail');return false;\">zo_mi@ceramictiles.com<\/a> ili nas pozovite na: For exact offer, PLS send us quantity and product you need with delivery address..<\/p>\n<p>Technical description: <br \/>  W 32&#215;75 <br \/>Boiserie Branco Mate ; Boiserie P\u00e9rola Mate ; Boiserie Bege ; Boiserie Bordeaux ;<\/p>\n","protected":false},"excerpt":{"rendered":"<p>Veli\u010dina ove plo\u010dice je 32&#215;75 cm. Cinca Boiserie Bordeaux je dostupna po vrlo povoljnim cenama 6606,75 RSD. Izuzetno moderne plo\u010dice crvene boje, osve\u017eit \u0107e svaki prostor. Plo\u010dice dolaze iz Portugala, koja je poznata po kvalitetnoj keramiki. Plo\u010dica je debela 10 mm, \u0161to je ubraja u tvrde plo\u010dice. Kliknite na ime serije za sve plo\u010dice u [&hellip;]<\/p>\n","protected":false},"featured_media":92075,"template":"","meta":[],"product_cat":[999968,200,220,999,250],"product_tag":[99950088],"_links":{"self":[{"href":"https:\/\/www.keramika.com\/srbija\/wp-json\/wp\/v2\/product\/92074"}],"collection":[{"href":"https:\/\/www.keramika.com\/srbija\/wp-json\/wp\/v2\/product"}],"about":[{"href":"https:\/\/www.keramika.com\/srbija\/wp-json\/wp\/v2\/types\/product"}],"wp:featuredmedia":[{"embeddable":true,"href":"https:\/\/www.keramika.com\/srbija\/wp-json\/wp\/v2\/media\/92075"}],"wp:attachment":[{"href":"https:\/\/www.keramika.com\/srbija\/wp-json\/wp\/v2\/media?parent=92074"}],"wp:term":[{"taxonomy":"product_cat","embeddable":true,"href":"https:\/\/www.keramika.com\/srbija\/wp-json\/wp\/v2\/product_cat?post=92074"},{"taxonomy":"product_tag","embeddable":true,"href":"https:\/\/www.keramika.com\/srbija\/wp-json\/wp\/v2\/product_tag?post=92074"}],"curies":[{"name":"wp","href":"https:\/\/api.w.org\/{rel}","templated":true}]}}