{"id":92060,"date":"2017-07-02T00:56:42","date_gmt":"2017-07-02T00:56:42","guid":{"rendered":"http:\/\/www.ceramictiles.com\/srbija\/product\/zidne-plocice-cinca-avalon-bege\/"},"modified":"2026-01-02T00:02:54","modified_gmt":"2026-01-02T00:02:54","slug":"zidne-plocice-cinca-avalon-bege","status":"publish","type":"product","link":"https:\/\/www.keramika.com\/srbija\/zidne-plocice-cinca-avalon-bege\/","title":{"rendered":"Zidne plo\u010dice Cinca Avalon Bege"},"content":{"rendered":"<p>Veli\u010dina 50&#215;50 cm je odli\u010dna za sve podloge. Debljina plo\u010dice, je vrlo va\u017ena 10 mm i ubraja tu plo\u010dicu me\u0111u najkvalitetnije. Cinca Avalon Bege je proizvod iz Portugala te je izuzetno kvalitetna. Ta kolekcija, model plo\u010dice, se prodaje najvi\u0161e be\u017e boje. Redovna cena, ovih plo\u010dica u maloprodaji je 4593,1 RSD. U na\u0161oj online trgovini, je mo\u017eete kupiti za 3674,25 RSD.<\/p>\n<p>Kliknite na ime serije za sve plo\u010dice u toj seriji: <a class=\"pdfcatal\" href=\"\/\/www.ceramictiles.com\/pdf\/cinca\/catalogue_cinca_avalon.pdf\" onclick=\"recordOutboundLink(this, 'E-mail', 'Description PDF');return false;\">Cinca Avalon<\/a><\/p>\n<p>Da bi naru\u010dili model iz PDF kataloga ove serije, molimo vas, da nas kontaktirate na: <a href=\"mailto:zo_mi@ceramictiles.com\" onclick=\"recordOutboundLink(this, 'E-mail', 'Description mail');return false;\">zo_mi@ceramictiles.com<\/a> ili nas pozovite na: For exact offer, PLS send us quantity and product you need with delivery address..<\/p>\n<p>Technical description: <br \/> W 25&#215;55 <br \/>Avalon Bege ;<\/p>\n","protected":false},"excerpt":{"rendered":"<p>Veli\u010dina 50&#215;50 cm je odli\u010dna za sve podloge. Debljina plo\u010dice, je vrlo va\u017ena 10 mm i ubraja tu plo\u010dicu me\u0111u najkvalitetnije. Cinca Avalon Bege je proizvod iz Portugala te je izuzetno kvalitetna. Ta kolekcija, model plo\u010dice, se prodaje najvi\u0161e be\u017e boje. Redovna cena, ovih plo\u010dica u maloprodaji je 4593,1 RSD. U na\u0161oj online trgovini, je [&hellip;]<\/p>\n","protected":false},"featured_media":92061,"template":"","meta":[],"product_cat":[999968,200,230,240,999],"product_tag":[],"_links":{"self":[{"href":"https:\/\/www.keramika.com\/srbija\/wp-json\/wp\/v2\/product\/92060"}],"collection":[{"href":"https:\/\/www.keramika.com\/srbija\/wp-json\/wp\/v2\/product"}],"about":[{"href":"https:\/\/www.keramika.com\/srbija\/wp-json\/wp\/v2\/types\/product"}],"wp:featuredmedia":[{"embeddable":true,"href":"https:\/\/www.keramika.com\/srbija\/wp-json\/wp\/v2\/media\/92061"}],"wp:attachment":[{"href":"https:\/\/www.keramika.com\/srbija\/wp-json\/wp\/v2\/media?parent=92060"}],"wp:term":[{"taxonomy":"product_cat","embeddable":true,"href":"https:\/\/www.keramika.com\/srbija\/wp-json\/wp\/v2\/product_cat?post=92060"},{"taxonomy":"product_tag","embeddable":true,"href":"https:\/\/www.keramika.com\/srbija\/wp-json\/wp\/v2\/product_tag?post=92060"}],"curies":[{"name":"wp","href":"https:\/\/api.w.org\/{rel}","templated":true}]}}