{"id":92058,"date":"2017-07-02T00:56:26","date_gmt":"2017-07-02T00:56:26","guid":{"rendered":"http:\/\/www.ceramictiles.com\/srbija\/product\/plocice-za-kupatilo-cinca-artemis-dark-green\/"},"modified":"2026-01-02T00:02:53","modified_gmt":"2026-01-02T00:02:53","slug":"plocice-za-kupatilo-cinca-artemis-dark-green","status":"publish","type":"product","link":"https:\/\/www.keramika.com\/srbija\/plocice-za-kupatilo-cinca-artemis-dark-green\/","title":{"rendered":"Plo\u010dice za kupatilo Cinca Artemis Dark Green"},"content":{"rendered":"<p>\u0160irina i du\u017eina plo\u010dice su 25&#215;45 cm. Plo\u010dica je debela 8 mm, \u0161to je ubraja u tvrde plo\u010dice. Cinca Artemis Dark Green je dostupna po vrlo povoljnim cenama 2351,75 RSD. U izboru plo\u010dica zelene boje, ne mo\u017eete pogre\u0161iti. Proizvodnja Portugala ,koja je poznata u svetu, kao jedana od najboljih proizvo\u0111a\u010da kerami\u010dkih plo\u010dica.<\/p>\n<p>Kliknite na ime serije za sve plo\u010dice u toj seriji: <a class=\"pdfcatal\" href=\"\/\/www.ceramictiles.com\/pdf\/cinca\/catalogue_cinca_artemis.pdf\" onclick=\"recordOutboundLink(this, 'E-mail', 'Description PDF');return false;\">Cinca Artemis<\/a><\/p>\n<p>Da bi naru\u010dili model iz PDF kataloga ove serije, molimo vas, da nas kontaktirate na: <a href=\"mailto:zo_mi@ceramictiles.com\" onclick=\"recordOutboundLink(this, 'E-mail', 'Description mail');return false;\">zo_mi@ceramictiles.com<\/a> ili nas pozovite na: For exact offer, PLS send us quantity and product you need with delivery address..<\/p>\n<p>Technical description: <br \/>  W &#038; F 25&#215;45 ; 33&#215;33 <br \/>Artemis P\u00e9rola ; Artemis Chocolate ; Artemis Laranja Claro ; Artemis Laranja Escuro ; Artemis Laranja ; Artemis Verde Claro ; Artemis Verde Escuro ; Artemis Verde ;<\/p>\n","protected":false},"excerpt":{"rendered":"<p>\u0160irina i du\u017eina plo\u010dice su 25&#215;45 cm. Plo\u010dica je debela 8 mm, \u0161to je ubraja u tvrde plo\u010dice. Cinca Artemis Dark Green je dostupna po vrlo povoljnim cenama 2351,75 RSD. U izboru plo\u010dica zelene boje, ne mo\u017eete pogre\u0161iti. Proizvodnja Portugala ,koja je poznata u svetu, kao jedana od najboljih proizvo\u0111a\u010da kerami\u010dkih plo\u010dica. Kliknite na ime [&hellip;]<\/p>\n","protected":false},"featured_media":92059,"template":"","meta":[],"product_cat":[999968,200,220,999,250],"product_tag":[],"_links":{"self":[{"href":"https:\/\/www.keramika.com\/srbija\/wp-json\/wp\/v2\/product\/92058"}],"collection":[{"href":"https:\/\/www.keramika.com\/srbija\/wp-json\/wp\/v2\/product"}],"about":[{"href":"https:\/\/www.keramika.com\/srbija\/wp-json\/wp\/v2\/types\/product"}],"wp:featuredmedia":[{"embeddable":true,"href":"https:\/\/www.keramika.com\/srbija\/wp-json\/wp\/v2\/media\/92059"}],"wp:attachment":[{"href":"https:\/\/www.keramika.com\/srbija\/wp-json\/wp\/v2\/media?parent=92058"}],"wp:term":[{"taxonomy":"product_cat","embeddable":true,"href":"https:\/\/www.keramika.com\/srbija\/wp-json\/wp\/v2\/product_cat?post=92058"},{"taxonomy":"product_tag","embeddable":true,"href":"https:\/\/www.keramika.com\/srbija\/wp-json\/wp\/v2\/product_tag?post=92058"}],"curies":[{"name":"wp","href":"https:\/\/api.w.org\/{rel}","templated":true}]}}